{"id":3302,"date":"2024-03-28T12:50:54","date_gmt":"2024-03-28T17:50:54","guid":{"rendered":"https:\/\/rentingpichincha.com.pa\/?page_id=3302"},"modified":"2024-03-28T19:56:55","modified_gmt":"2024-03-29T00:56:55","slug":"ayuda","status":"publish","type":"page","link":"https:\/\/rentingpichincha.com.pa\/?page_id=3302","title":{"rendered":"Ayuda"},"content":{"rendered":"\t\t<div data-elementor-type=\"wp-page\" data-elementor-id=\"3302\" class=\"elementor elementor-3302\" data-elementor-post-type=\"page\">\n\t\t\t\t<div class=\"elementor-element elementor-element-a93d96a e-con-full e-flex e-con e-parent\" data-id=\"a93d96a\" data-element_type=\"container\" data-settings=\"{&quot;background_background&quot;:&quot;classic&quot;,&quot;jet_parallax_layout_list&quot;:[]}\">\n\t\t<div class=\"elementor-element elementor-element-3e37409 e-flex e-con-boxed e-con e-child\" data-id=\"3e37409\" data-element_type=\"container\" data-settings=\"{&quot;jet_parallax_layout_list&quot;:[]}\">\n\t\t\t\t\t<div class=\"e-con-inner\">\n\t\t<div class=\"elementor-element elementor-element-6bf3c5f e-con-full e-flex e-con e-child\" data-id=\"6bf3c5f\" data-element_type=\"container\" data-settings=\"{&quot;jet_parallax_layout_list&quot;:[]}\">\n\t\t<div class=\"elementor-element elementor-element-522e82b e-flex e-con-boxed e-con e-child\" data-id=\"522e82b\" data-element_type=\"container\" data-settings=\"{&quot;jet_parallax_layout_list&quot;:[]}\">\n\t\t\t\t\t<div class=\"e-con-inner\">\n\t\t\t\t<div class=\"elementor-element elementor-element-3bc5bca elementor-widget elementor-widget-heading\" data-id=\"3bc5bca\" data-element_type=\"widget\" data-widget_type=\"heading.default\">\n\t\t\t\t<div class=\"elementor-widget-container\">\n\t\t\t<style>\/*! elementor - v3.21.0 - 18-04-2024 *\/\n.elementor-heading-title{padding:0;margin:0;line-height:1}.elementor-widget-heading .elementor-heading-title[class*=elementor-size-]>a{color:inherit;font-size:inherit;line-height:inherit}.elementor-widget-heading .elementor-heading-title.elementor-size-small{font-size:15px}.elementor-widget-heading .elementor-heading-title.elementor-size-medium{font-size:19px}.elementor-widget-heading .elementor-heading-title.elementor-size-large{font-size:29px}.elementor-widget-heading .elementor-heading-title.elementor-size-xl{font-size:39px}.elementor-widget-heading .elementor-heading-title.elementor-size-xxl{font-size:59px}<\/style><h2 class=\"elementor-heading-title elementor-size-default\">Preguntas<\/br>Frecuentes<\/h2>\t\t<\/div>\n\t\t\t\t<\/div>\n\t\t\t\t\t<\/div>\n\t\t\t\t<\/div>\n\t\t\t\t<\/div>\n\t\t<div class=\"elementor-element elementor-element-4462421 e-con-full e-flex e-con e-child\" data-id=\"4462421\" data-element_type=\"container\" data-settings=\"{&quot;jet_parallax_layout_list&quot;:[]}\">\n\t\t\t\t<div class=\"elementor-element elementor-element-4cbc150 elementor-absolute elementor-invisible elementor-widget elementor-widget-image\" data-id=\"4cbc150\" data-element_type=\"widget\" data-settings=\"{&quot;_animation&quot;:&quot;fadeInRight&quot;,&quot;_position&quot;:&quot;absolute&quot;}\" data-widget_type=\"image.default\">\n\t\t\t\t<div class=\"elementor-widget-container\">\n\t\t\t<style>\/*! elementor - v3.21.0 - 18-04-2024 *\/\n.elementor-widget-image{text-align:center}.elementor-widget-image a{display:inline-block}.elementor-widget-image a img[src$=\".svg\"]{width:48px}.elementor-widget-image img{vertical-align:middle;display:inline-block}<\/style>\t\t\t\t\t\t\t\t\t\t<img fetchpriority=\"high\" decoding=\"async\" width=\"558\" height=\"338\" src=\"data:image\/gif;base64,R0lGODlhAQABAIAAAAAAAP\/\/\/yH5BAEAAAAALAAAAAABAAEAAAIBRAA7\" data-src=\"https:\/\/rentingpichincha.com.pa\/wp-content\/uploads\/image-112.png\" class=\"attachment-large size-large wp-image-3312 lazyload\" alt=\"\" data-srcset=\"https:\/\/rentingpichincha.com.pa\/wp-content\/uploads\/image-112.png 558w, https:\/\/rentingpichincha.com.pa\/wp-content\/uploads\/image-112-300x182.png 300w\" sizes=\"(max-width: 558px) 100vw, 558px\" \/><noscript><img decoding=\"async\" width=\"558\" height=\"338\" src=\"https:\/\/rentingpichincha.com.pa\/wp-content\/uploads\/image-112.png\" class=\"attachment-large size-large wp-image-3312 lazyload\" alt=\"\" srcset=\"https:\/\/rentingpichincha.com.pa\/wp-content\/uploads\/image-112.png 558w, https:\/\/rentingpichincha.com.pa\/wp-content\/uploads\/image-112-300x182.png 300w\" sizes=\"(max-width: 558px) 100vw, 558px\" \/><\/noscript>\t\t\t\t\t\t\t\t\t\t\t\t\t<\/div>\n\t\t\t\t<\/div>\n\t\t\t\t<\/div>\n\t\t\t\t\t<\/div>\n\t\t\t\t<\/div>\n\t\t\t\t<div class=\"elementor-element elementor-element-0bf29b3 elementor-absolute elementor-widget elementor-widget-image\" data-id=\"0bf29b3\" data-element_type=\"widget\" data-settings=\"{&quot;_position&quot;:&quot;absolute&quot;}\" data-widget_type=\"image.default\">\n\t\t\t\t<div class=\"elementor-widget-container\">\n\t\t\t\t\t\t\t\t\t\t\t\t\t<img decoding=\"async\" width=\"279\" height=\"804\" src=\"data:image\/gif;base64,R0lGODlhAQABAIAAAAAAAP\/\/\/yH5BAEAAAAALAAAAAABAAEAAAIBRAA7\" data-src=\"https:\/\/rentingpichincha.com.pa\/wp-content\/uploads\/azules-3.png\" class=\"attachment-large size-large wp-image-3920 lazyload\" alt=\"\" data-srcset=\"https:\/\/rentingpichincha.com.pa\/wp-content\/uploads\/azules-3.png 279w, https:\/\/rentingpichincha.com.pa\/wp-content\/uploads\/azules-3-104x300.png 104w\" sizes=\"(max-width: 279px) 100vw, 279px\" \/><noscript><img loading=\"lazy\" decoding=\"async\" width=\"279\" height=\"804\" src=\"https:\/\/rentingpichincha.com.pa\/wp-content\/uploads\/azules-3.png\" class=\"attachment-large size-large wp-image-3920 lazyload\" alt=\"\" srcset=\"https:\/\/rentingpichincha.com.pa\/wp-content\/uploads\/azules-3.png 279w, https:\/\/rentingpichincha.com.pa\/wp-content\/uploads\/azules-3-104x300.png 104w\" sizes=\"(max-width: 279px) 100vw, 279px\" \/><\/noscript>\t\t\t\t\t\t\t\t\t\t\t\t\t<\/div>\n\t\t\t\t<\/div>\n\t\t\t\t<\/div>\n\t\t<div class=\"elementor-element elementor-element-bc1ef1d e-flex e-con-boxed e-con e-parent\" data-id=\"bc1ef1d\" data-element_type=\"container\" data-settings=\"{&quot;jet_parallax_layout_list&quot;:[{&quot;_id&quot;:&quot;18fb95d&quot;,&quot;jet_parallax_layout_image&quot;:{&quot;url&quot;:&quot;https:\\\/\\\/rentingpichincha.com.pa\\\/wp-content\\\/uploads\\\/naranjas-3.png&quot;,&quot;id&quot;:2400,&quot;size&quot;:&quot;&quot;,&quot;alt&quot;:&quot;&quot;,&quot;source&quot;:&quot;library&quot;},&quot;jet_parallax_layout_speed&quot;:{&quot;unit&quot;:&quot;%&quot;,&quot;size&quot;:100,&quot;sizes&quot;:[]},&quot;jet_parallax_layout_bg_x&quot;:100,&quot;jet_parallax_layout_bg_y&quot;:20,&quot;jet_parallax_layout_image_tablet&quot;:{&quot;url&quot;:&quot;&quot;,&quot;id&quot;:&quot;&quot;,&quot;size&quot;:&quot;&quot;},&quot;jet_parallax_layout_image_mobile&quot;:{&quot;url&quot;:&quot;&quot;,&quot;id&quot;:&quot;&quot;,&quot;size&quot;:&quot;&quot;},&quot;jet_parallax_layout_type&quot;:&quot;scroll&quot;,&quot;jet_parallax_layout_direction&quot;:null,&quot;jet_parallax_layout_fx_direction&quot;:null,&quot;jet_parallax_layout_z_index&quot;:&quot;&quot;,&quot;jet_parallax_layout_bg_x_tablet&quot;:&quot;&quot;,&quot;jet_parallax_layout_bg_x_mobile&quot;:&quot;&quot;,&quot;jet_parallax_layout_bg_y_tablet&quot;:&quot;&quot;,&quot;jet_parallax_layout_bg_y_mobile&quot;:&quot;&quot;,&quot;jet_parallax_layout_bg_size&quot;:&quot;auto&quot;,&quot;jet_parallax_layout_bg_size_tablet&quot;:&quot;&quot;,&quot;jet_parallax_layout_bg_size_mobile&quot;:&quot;&quot;,&quot;jet_parallax_layout_animation_prop&quot;:&quot;transform&quot;,&quot;jet_parallax_layout_on&quot;:[&quot;desktop&quot;,&quot;tablet&quot;]}]}\">\n\t\t\t\t\t<div class=\"e-con-inner\">\n\t\t<div class=\"elementor-element elementor-element-f9e85ab e-con-full e-flex e-con e-child\" data-id=\"f9e85ab\" data-element_type=\"container\" data-settings=\"{&quot;jet_parallax_layout_list&quot;:[]}\">\n\t\t\t\t<div class=\"elementor-element elementor-element-19d115e elementor-hidden-mobile elementor-widget elementor-widget-image\" data-id=\"19d115e\" data-element_type=\"widget\" data-widget_type=\"image.default\">\n\t\t\t\t<div class=\"elementor-widget-container\">\n\t\t\t\t\t\t\t\t\t\t\t\t\t<img loading=\"lazy\" decoding=\"async\" width=\"502\" height=\"351\" src=\"data:image\/gif;base64,R0lGODlhAQABAIAAAAAAAP\/\/\/yH5BAEAAAAALAAAAAABAAEAAAIBRAA7\" data-src=\"https:\/\/rentingpichincha.com.pa\/wp-content\/uploads\/Group-1000002295.png\" class=\"attachment-large size-large wp-image-3349 lazyload\" alt=\"\" data-srcset=\"https:\/\/rentingpichincha.com.pa\/wp-content\/uploads\/Group-1000002295.png 502w, https:\/\/rentingpichincha.com.pa\/wp-content\/uploads\/Group-1000002295-300x210.png 300w\" sizes=\"(max-width: 502px) 100vw, 502px\" \/><noscript><img loading=\"lazy\" decoding=\"async\" width=\"502\" height=\"351\" src=\"https:\/\/rentingpichincha.com.pa\/wp-content\/uploads\/Group-1000002295.png\" class=\"attachment-large size-large wp-image-3349 lazyload\" alt=\"\" srcset=\"https:\/\/rentingpichincha.com.pa\/wp-content\/uploads\/Group-1000002295.png 502w, https:\/\/rentingpichincha.com.pa\/wp-content\/uploads\/Group-1000002295-300x210.png 300w\" sizes=\"(max-width: 502px) 100vw, 502px\" \/><\/noscript>\t\t\t\t\t\t\t\t\t\t\t\t\t<\/div>\n\t\t\t\t<\/div>\n\t\t\t\t<\/div>\n\t\t<div class=\"elementor-element elementor-element-6314dba e-con-full e-flex e-con e-child\" data-id=\"6314dba\" data-element_type=\"container\" data-settings=\"{&quot;jet_parallax_layout_list&quot;:[]}\">\n\t\t\t\t<div class=\"elementor-element elementor-element-4419293 elementor-hidden-mobile elementor-widget elementor-widget-heading\" data-id=\"4419293\" data-element_type=\"widget\" data-widget_type=\"heading.default\">\n\t\t\t\t<div class=\"elementor-widget-container\">\n\t\t\t<h2 class=\"elementor-heading-title elementor-size-default\">Resuelve tus dudas<\/h2>\t\t<\/div>\n\t\t\t\t<\/div>\n\t\t\t\t<\/div>\n\t\t\t\t\t<\/div>\n\t\t\t\t<\/div>\n\t\t<div class=\"elementor-element elementor-element-82d3fcf e-flex e-con-boxed e-con e-parent\" data-id=\"82d3fcf\" data-element_type=\"container\" data-settings=\"{&quot;jet_parallax_layout_list&quot;:[]}\">\n\t\t\t\t\t<div class=\"e-con-inner\">\n\t\t<div class=\"elementor-element elementor-element-0edfef8 e-con-full e-flex e-con e-child\" data-id=\"0edfef8\" data-element_type=\"container\" data-settings=\"{&quot;background_background&quot;:&quot;classic&quot;,&quot;jet_parallax_layout_list&quot;:[]}\">\n\t\t<div class=\"elementor-element elementor-element-c838208 e-con-full e-flex e-con e-child\" data-id=\"c838208\" data-element_type=\"container\" data-settings=\"{&quot;jet_parallax_layout_list&quot;:[]}\">\n\t\t\t\t<div class=\"elementor-element elementor-element-a90f010 elementor-widget-mobile__width-initial elementor-widget elementor-widget-heading\" data-id=\"a90f010\" data-element_type=\"widget\" data-widget_type=\"heading.default\">\n\t\t\t\t<div class=\"elementor-widget-container\">\n\t\t\t<h2 class=\"elementor-heading-title elementor-size-default\">\u00bfNo encuentras lo que buscas?<\/h2>\t\t<\/div>\n\t\t\t\t<\/div>\n\t\t\t\t<\/div>\n\t\t<div class=\"elementor-element elementor-element-46f5ce1 e-con-full e-flex e-con e-child\" data-id=\"46f5ce1\" data-element_type=\"container\" data-settings=\"{&quot;jet_parallax_layout_list&quot;:[]}\">\n\t\t\t\t<div class=\"elementor-element elementor-element-db22a39 elementor-align-left elementor-widget elementor-widget-button\" data-id=\"db22a39\" data-element_type=\"widget\" data-widget_type=\"button.default\">\n\t\t\t\t<div class=\"elementor-widget-container\">\n\t\t\t\t\t<div class=\"elementor-button-wrapper\">\n\t\t\t<a class=\"elementor-button elementor-button-link elementor-size-sm\" href=\"https:\/\/api.whatsapp.com\/send?phone=5939976521379&#038;text=%C2%A1Hola!%20Requiero%20m%C3%A1s%20informaci%C3%B3n%20sobre%20sus%20productos\">\n\t\t\t\t\t\t<span class=\"elementor-button-content-wrapper\">\n\t\t\t\t\t\t\t\t\t<span class=\"elementor-button-text\">Contactar asesor<\/span>\n\t\t\t\t\t<\/span>\n\t\t\t\t\t<\/a>\n\t\t<\/div>\n\t\t\t\t<\/div>\n\t\t\t\t<\/div>\n\t\t\t\t<\/div>\n\t\t\t\t<\/div>\n\t\t\t\t\t<\/div>\n\t\t\t\t<\/div>\n\t\t\t\t<\/div>\n\t\t","protected":false},"excerpt":{"rendered":"<p>PreguntasFrecuentes Resuelve tus dudas \u00bfTing alquila veh\u00edculos por d\u00eda? Nosotros realizamos normalmente contratos que oscilan en un rango de uno a cinco a\u00f1os. \u00bfEn el Renting puedo adquirir el auto al finalizar el contrato? El concepto del Renting no permite pactar opciones de compra al finalizar el contrato. Por otro lado, los veh\u00edculos usados estar\u00e1n [&hellip;]<\/p>\n","protected":false},"author":4,"featured_media":0,"parent":0,"menu_order":0,"comment_status":"closed","ping_status":"closed","template":"elementor_header_footer","meta":{"footnotes":""},"yoast_head":"<!-- This site is optimized with the Yoast SEO plugin v22.5 - https:\/\/yoast.com\/wordpress\/plugins\/seo\/ -->\r\n<title>Ayuda &#8226; Renting Pichincha<\/title>\r\n<meta name=\"robots\" content=\"index, follow, max-snippet:-1, max-image-preview:large, max-video-preview:-1\" \/>\r\n<link rel=\"canonical\" href=\"https:\/\/rentingpichincha.com.pa\/?page_id=3302\" \/>\r\n<meta property=\"og:locale\" content=\"es_ES\" \/>\r\n<meta property=\"og:type\" content=\"article\" \/>\r\n<meta property=\"og:title\" content=\"Ayuda &#8226; Renting Pichincha\" \/>\r\n<meta property=\"og:description\" content=\"PreguntasFrecuentes Resuelve tus dudas \u00bfTing alquila veh\u00edculos por d\u00eda? Nosotros realizamos normalmente contratos que oscilan en un rango de uno a cinco a\u00f1os. \u00bfEn el Renting puedo adquirir el auto al finalizar el contrato? El concepto del Renting no permite pactar opciones de compra al finalizar el contrato. Por otro lado, los veh\u00edculos usados estar\u00e1n [&hellip;]\" \/>\r\n<meta property=\"og:url\" content=\"https:\/\/rentingpichincha.com.pa\/?page_id=3302\" \/>\r\n<meta property=\"og:site_name\" content=\"Renting Pichincha\" \/>\r\n<meta property=\"article:modified_time\" content=\"2024-03-29T00:56:55+00:00\" \/>\r\n<meta property=\"og:image\" content=\"https:\/\/rentingpichincha.com.pa\/wp-content\/uploads\/image-112.png\" \/>\r\n<meta name=\"twitter:card\" content=\"summary_large_image\" \/>\r\n<meta name=\"twitter:label1\" content=\"Tiempo de lectura\" \/>\n\t<meta name=\"twitter:data1\" content=\"2 minutos\" \/>\r\n<script type=\"application\/ld+json\" class=\"yoast-schema-graph\">{\"@context\":\"https:\/\/schema.org\",\"@graph\":[{\"@type\":\"WebPage\",\"@id\":\"https:\/\/rentingpichincha.com.pa\/?page_id=3302\",\"url\":\"https:\/\/rentingpichincha.com.pa\/?page_id=3302\",\"name\":\"Ayuda &#8226; Renting Pichincha\",\"isPartOf\":{\"@id\":\"https:\/\/rentingpichincha.com.pa\/#website\"},\"primaryImageOfPage\":{\"@id\":\"https:\/\/rentingpichincha.com.pa\/?page_id=3302#primaryimage\"},\"image\":{\"@id\":\"https:\/\/rentingpichincha.com.pa\/?page_id=3302#primaryimage\"},\"thumbnailUrl\":\"https:\/\/rentingpichincha.com.pa\/wp-content\/uploads\/image-112.png\",\"datePublished\":\"2024-03-28T17:50:54+00:00\",\"dateModified\":\"2024-03-29T00:56:55+00:00\",\"breadcrumb\":{\"@id\":\"https:\/\/rentingpichincha.com.pa\/?page_id=3302#breadcrumb\"},\"inLanguage\":\"es\",\"potentialAction\":[{\"@type\":\"ReadAction\",\"target\":[\"https:\/\/rentingpichincha.com.pa\/?page_id=3302\"]}]},{\"@type\":\"ImageObject\",\"inLanguage\":\"es\",\"@id\":\"https:\/\/rentingpichincha.com.pa\/?page_id=3302#primaryimage\",\"url\":\"https:\/\/rentingpichincha.com.pa\/wp-content\/uploads\/image-112.png\",\"contentUrl\":\"https:\/\/rentingpichincha.com.pa\/wp-content\/uploads\/image-112.png\",\"width\":558,\"height\":338},{\"@type\":\"BreadcrumbList\",\"@id\":\"https:\/\/rentingpichincha.com.pa\/?page_id=3302#breadcrumb\",\"itemListElement\":[{\"@type\":\"ListItem\",\"position\":1,\"name\":\"Portada\",\"item\":\"https:\/\/rentingpichincha.com.pa\/\"},{\"@type\":\"ListItem\",\"position\":2,\"name\":\"Ayuda\"}]},{\"@type\":\"WebSite\",\"@id\":\"https:\/\/rentingpichincha.com.pa\/#website\",\"url\":\"https:\/\/rentingpichincha.com.pa\/\",\"name\":\"Renting Pichincha\",\"description\":\"\",\"publisher\":{\"@id\":\"https:\/\/rentingpichincha.com.pa\/#organization\"},\"potentialAction\":[{\"@type\":\"SearchAction\",\"target\":{\"@type\":\"EntryPoint\",\"urlTemplate\":\"https:\/\/rentingpichincha.com.pa\/?s={search_term_string}\"},\"query-input\":\"required name=search_term_string\"}],\"inLanguage\":\"es\"},{\"@type\":\"Organization\",\"@id\":\"https:\/\/rentingpichincha.com.pa\/#organization\",\"name\":\"Bienvenidos\",\"url\":\"https:\/\/rentingpichincha.com.pa\/\",\"logo\":{\"@type\":\"ImageObject\",\"inLanguage\":\"es\",\"@id\":\"https:\/\/rentingpichincha.com.pa\/#\/schema\/logo\/image\/\",\"url\":\"https:\/\/rentingpichincha.com.pa\/wp-content\/uploads\/HEADER.png\",\"contentUrl\":\"https:\/\/rentingpichincha.com.pa\/wp-content\/uploads\/HEADER.png\",\"width\":351,\"height\":150,\"caption\":\"Bienvenidos\"},\"image\":{\"@id\":\"https:\/\/rentingpichincha.com.pa\/#\/schema\/logo\/image\/\"}}]}<\/script>\r\n<!-- \/ Yoast SEO plugin. -->","yoast_head_json":{"title":"Ayuda &#8226; Renting Pichincha","robots":{"index":"index","follow":"follow","max-snippet":"max-snippet:-1","max-image-preview":"max-image-preview:large","max-video-preview":"max-video-preview:-1"},"canonical":"https:\/\/rentingpichincha.com.pa\/?page_id=3302","og_locale":"es_ES","og_type":"article","og_title":"Ayuda &#8226; Renting Pichincha","og_description":"PreguntasFrecuentes Resuelve tus dudas \u00bfTing alquila veh\u00edculos por d\u00eda? Nosotros realizamos normalmente contratos que oscilan en un rango de uno a cinco a\u00f1os. \u00bfEn el Renting puedo adquirir el auto al finalizar el contrato? El concepto del Renting no permite pactar opciones de compra al finalizar el contrato. Por otro lado, los veh\u00edculos usados estar\u00e1n [&hellip;]","og_url":"https:\/\/rentingpichincha.com.pa\/?page_id=3302","og_site_name":"Renting Pichincha","article_modified_time":"2024-03-29T00:56:55+00:00","og_image":[{"url":"https:\/\/rentingpichincha.com.pa\/wp-content\/uploads\/image-112.png"}],"twitter_card":"summary_large_image","twitter_misc":{"Tiempo de lectura":"2 minutos"},"schema":{"@context":"https:\/\/schema.org","@graph":[{"@type":"WebPage","@id":"https:\/\/rentingpichincha.com.pa\/?page_id=3302","url":"https:\/\/rentingpichincha.com.pa\/?page_id=3302","name":"Ayuda &#8226; Renting Pichincha","isPartOf":{"@id":"https:\/\/rentingpichincha.com.pa\/#website"},"primaryImageOfPage":{"@id":"https:\/\/rentingpichincha.com.pa\/?page_id=3302#primaryimage"},"image":{"@id":"https:\/\/rentingpichincha.com.pa\/?page_id=3302#primaryimage"},"thumbnailUrl":"https:\/\/rentingpichincha.com.pa\/wp-content\/uploads\/image-112.png","datePublished":"2024-03-28T17:50:54+00:00","dateModified":"2024-03-29T00:56:55+00:00","breadcrumb":{"@id":"https:\/\/rentingpichincha.com.pa\/?page_id=3302#breadcrumb"},"inLanguage":"es","potentialAction":[{"@type":"ReadAction","target":["https:\/\/rentingpichincha.com.pa\/?page_id=3302"]}]},{"@type":"ImageObject","inLanguage":"es","@id":"https:\/\/rentingpichincha.com.pa\/?page_id=3302#primaryimage","url":"https:\/\/rentingpichincha.com.pa\/wp-content\/uploads\/image-112.png","contentUrl":"https:\/\/rentingpichincha.com.pa\/wp-content\/uploads\/image-112.png","width":558,"height":338},{"@type":"BreadcrumbList","@id":"https:\/\/rentingpichincha.com.pa\/?page_id=3302#breadcrumb","itemListElement":[{"@type":"ListItem","position":1,"name":"Portada","item":"https:\/\/rentingpichincha.com.pa\/"},{"@type":"ListItem","position":2,"name":"Ayuda"}]},{"@type":"WebSite","@id":"https:\/\/rentingpichincha.com.pa\/#website","url":"https:\/\/rentingpichincha.com.pa\/","name":"Renting Pichincha","description":"","publisher":{"@id":"https:\/\/rentingpichincha.com.pa\/#organization"},"potentialAction":[{"@type":"SearchAction","target":{"@type":"EntryPoint","urlTemplate":"https:\/\/rentingpichincha.com.pa\/?s={search_term_string}"},"query-input":"required name=search_term_string"}],"inLanguage":"es"},{"@type":"Organization","@id":"https:\/\/rentingpichincha.com.pa\/#organization","name":"Bienvenidos","url":"https:\/\/rentingpichincha.com.pa\/","logo":{"@type":"ImageObject","inLanguage":"es","@id":"https:\/\/rentingpichincha.com.pa\/#\/schema\/logo\/image\/","url":"https:\/\/rentingpichincha.com.pa\/wp-content\/uploads\/HEADER.png","contentUrl":"https:\/\/rentingpichincha.com.pa\/wp-content\/uploads\/HEADER.png","width":351,"height":150,"caption":"Bienvenidos"},"image":{"@id":"https:\/\/rentingpichincha.com.pa\/#\/schema\/logo\/image\/"}}]}},"_links":{"self":[{"href":"https:\/\/rentingpichincha.com.pa\/index.php?rest_route=\/wp\/v2\/pages\/3302"}],"collection":[{"href":"https:\/\/rentingpichincha.com.pa\/index.php?rest_route=\/wp\/v2\/pages"}],"about":[{"href":"https:\/\/rentingpichincha.com.pa\/index.php?rest_route=\/wp\/v2\/types\/page"}],"author":[{"embeddable":true,"href":"https:\/\/rentingpichincha.com.pa\/index.php?rest_route=\/wp\/v2\/users\/4"}],"replies":[{"embeddable":true,"href":"https:\/\/rentingpichincha.com.pa\/index.php?rest_route=%2Fwp%2Fv2%2Fcomments&post=3302"}],"version-history":[{"count":0,"href":"https:\/\/rentingpichincha.com.pa\/index.php?rest_route=\/wp\/v2\/pages\/3302\/revisions"}],"wp:attachment":[{"href":"https:\/\/rentingpichincha.com.pa\/index.php?rest_route=%2Fwp%2Fv2%2Fmedia&parent=3302"}],"curies":[{"name":"wp","href":"https:\/\/api.w.org\/{rel}","templated":true}]}}