{"id":3366,"date":"2024-03-28T13:25:40","date_gmt":"2024-03-28T18:25:40","guid":{"rendered":"https:\/\/rentingpichincha.com.pa\/?page_id=3366"},"modified":"2024-04-22T07:35:15","modified_gmt":"2024-04-22T12:35:15","slug":"contacto","status":"publish","type":"page","link":"https:\/\/rentingpichincha.com.pa\/?page_id=3366","title":{"rendered":"Contacto"},"content":{"rendered":"\t\t<div data-elementor-type=\"wp-page\" data-elementor-id=\"3366\" class=\"elementor elementor-3366\" data-elementor-post-type=\"page\">\n\t\t\t\t<div class=\"elementor-element elementor-element-343bb6b e-con-full e-flex e-con e-parent\" data-id=\"343bb6b\" data-element_type=\"container\" data-settings=\"{&quot;background_background&quot;:&quot;classic&quot;,&quot;jet_parallax_layout_list&quot;:[]}\">\n\t\t<div class=\"elementor-element elementor-element-0f559b1 e-flex e-con-boxed e-con e-child\" data-id=\"0f559b1\" data-element_type=\"container\" data-settings=\"{&quot;jet_parallax_layout_list&quot;:[]}\">\n\t\t\t\t\t<div class=\"e-con-inner\">\n\t\t<div class=\"elementor-element elementor-element-23b5fde e-con-full e-flex e-con e-child\" data-id=\"23b5fde\" data-element_type=\"container\" data-settings=\"{&quot;jet_parallax_layout_list&quot;:[]}\">\n\t\t<div class=\"elementor-element elementor-element-f3f8cef e-flex e-con-boxed e-con e-child\" data-id=\"f3f8cef\" data-element_type=\"container\" data-settings=\"{&quot;jet_parallax_layout_list&quot;:[]}\">\n\t\t\t\t\t<div class=\"e-con-inner\">\n\t\t\t\t<div class=\"elementor-element elementor-element-9e19fc9 elementor-widget elementor-widget-heading\" data-id=\"9e19fc9\" data-element_type=\"widget\" data-widget_type=\"heading.default\">\n\t\t\t\t<div class=\"elementor-widget-container\">\n\t\t\t<style>\/*! elementor - v3.21.0 - 18-04-2024 *\/\n.elementor-heading-title{padding:0;margin:0;line-height:1}.elementor-widget-heading .elementor-heading-title[class*=elementor-size-]>a{color:inherit;font-size:inherit;line-height:inherit}.elementor-widget-heading .elementor-heading-title.elementor-size-small{font-size:15px}.elementor-widget-heading .elementor-heading-title.elementor-size-medium{font-size:19px}.elementor-widget-heading .elementor-heading-title.elementor-size-large{font-size:29px}.elementor-widget-heading .elementor-heading-title.elementor-size-xl{font-size:39px}.elementor-widget-heading .elementor-heading-title.elementor-size-xxl{font-size:59px}<\/style><h2 class=\"elementor-heading-title elementor-size-default\">Contacto<\/h2>\t\t<\/div>\n\t\t\t\t<\/div>\n\t\t\t\t\t<\/div>\n\t\t\t\t<\/div>\n\t\t\t\t<\/div>\n\t\t<div class=\"elementor-element elementor-element-78c50a2 e-con-full e-flex e-con e-child\" data-id=\"78c50a2\" data-element_type=\"container\" data-settings=\"{&quot;jet_parallax_layout_list&quot;:[]}\">\n\t\t\t\t<div class=\"elementor-element elementor-element-f063bc2 elementor-absolute elementor-invisible elementor-widget elementor-widget-image\" data-id=\"f063bc2\" data-element_type=\"widget\" data-settings=\"{&quot;_animation&quot;:&quot;fadeInRight&quot;,&quot;_position&quot;:&quot;absolute&quot;}\" data-widget_type=\"image.default\">\n\t\t\t\t<div class=\"elementor-widget-container\">\n\t\t\t<style>\/*! elementor - v3.21.0 - 18-04-2024 *\/\n.elementor-widget-image{text-align:center}.elementor-widget-image a{display:inline-block}.elementor-widget-image a img[src$=\".svg\"]{width:48px}.elementor-widget-image img{vertical-align:middle;display:inline-block}<\/style>\t\t\t\t\t\t\t\t\t\t<img fetchpriority=\"high\" decoding=\"async\" width=\"558\" height=\"337\" src=\"data:image\/gif;base64,R0lGODlhAQABAIAAAAAAAP\/\/\/yH5BAEAAAAALAAAAAABAAEAAAIBRAA7\" data-src=\"https:\/\/rentingpichincha.com.pa\/wp-content\/uploads\/image-118.png\" class=\"attachment-large size-large wp-image-3373 lazyload\" alt=\"\" data-srcset=\"https:\/\/rentingpichincha.com.pa\/wp-content\/uploads\/image-118.png 558w, https:\/\/rentingpichincha.com.pa\/wp-content\/uploads\/image-118-300x181.png 300w\" sizes=\"(max-width: 558px) 100vw, 558px\" \/><noscript><img decoding=\"async\" width=\"558\" height=\"337\" src=\"https:\/\/rentingpichincha.com.pa\/wp-content\/uploads\/image-118.png\" class=\"attachment-large size-large wp-image-3373 lazyload\" alt=\"\" srcset=\"https:\/\/rentingpichincha.com.pa\/wp-content\/uploads\/image-118.png 558w, https:\/\/rentingpichincha.com.pa\/wp-content\/uploads\/image-118-300x181.png 300w\" sizes=\"(max-width: 558px) 100vw, 558px\" \/><\/noscript>\t\t\t\t\t\t\t\t\t\t\t\t\t<\/div>\n\t\t\t\t<\/div>\n\t\t\t\t<\/div>\n\t\t\t\t\t<\/div>\n\t\t\t\t<\/div>\n\t\t\t\t<\/div>\n\t\t<div class=\"elementor-element elementor-element-19eea1b e-flex e-con-boxed e-con e-parent\" data-id=\"19eea1b\" data-element_type=\"container\" data-settings=\"{&quot;jet_parallax_layout_list&quot;:[]}\">\n\t\t\t\t\t<div class=\"e-con-inner\">\n\t\t\t\t<div class=\"elementor-element elementor-element-f6590ed elementor-widget-mobile__width-initial elementor-widget elementor-widget-heading\" data-id=\"f6590ed\" data-element_type=\"widget\" data-widget_type=\"heading.default\">\n\t\t\t\t<div class=\"elementor-widget-container\">\n\t\t\t<h2 class=\"elementor-heading-title elementor-size-default\">D\u00e9janos un mensaje, te contestaremos lo m\u00e1s pronto posible<\/h2>\t\t<\/div>\n\t\t\t\t<\/div>\n\t\t\t\t<div class=\"elementor-element elementor-element-d509a70 elementor-widget__width-initial elementor-widget elementor-widget-jet-form-builder-form\" data-id=\"d509a70\" data-element_type=\"widget\" data-widget_type=\"jet-form-builder-form.default\">\n\t\t\t\t<div class=\"elementor-widget-container\">\n\t\t\t<link rel='stylesheet' id='wp-block-library-css' href='https:\/\/rentingpichincha.com.pa\/wp-includes\/css\/dist\/block-library\/style.min.css?ver=6.4.8' media='all' \/>\n<style id=\"jet-form-builder-4596-inline-css\"><\/style><form  class=\"jet-form-builder layout-column submit-type-reload\" action=\"https:\/\/rentingpichincha.com.pa\/?jet_form_builder_submit=submit&amp;method=reload\" method=\"POST\" data-form-id=\"4596\" data-layout=\"column\" enctype=\"multipart\/form-data\" novalidate=\"null\">\r\n<input type=\"hidden\" name=\"_jfb_current_render_states[]\" value=\"DEFAULT.STATE\" data-jfb-sync \/><input type=\"hidden\" class=\"jet-form-builder__field hidden-field\" name=\"_jet_engine_booking_form_id\" data-field-name=\"_jet_engine_booking_form_id\" value=\"4596\">\n<input type=\"hidden\" class=\"jet-form-builder__field hidden-field\" name=\"_jet_engine_refer\" data-field-name=\"_jet_engine_refer\" value=\"https:\/\/rentingpichincha.com.pa\/?rest_route=%2Fwp%2Fv2%2Fpages%2F3366\">\n<input type=\"hidden\" class=\"jet-form-builder__field hidden-field\" name=\"__queried_post_id\" data-field-name=\"__queried_post_id\" value=\"3366\">\n\n<input type=\"hidden\" class=\"jet-form-builder__field hidden-field\" name=\"key\" data-field-name=\"key\" data-jfb-sync=\"null\" value=\"1791287835001\">\n\n\n\n\n<input type=\"hidden\" class=\"jet-form-builder__field hidden-field\" name=\"nombre_vehiculo\" data-field-name=\"nombre_vehiculo\" data-jfb-sync=\"null\" value=\"*****\">\n\n\n\n\n<input type=\"hidden\" class=\"jet-form-builder__field hidden-field\" name=\"PAIS\" data-field-name=\"PAIS\" data-jfb-sync=\"null\" value=\"PANAMA\">\n\n\n\n\n<input type=\"hidden\" class=\"jet-form-builder__field hidden-field\" name=\"TIPO\" data-field-name=\"TIPO\" data-jfb-sync=\"null\" value=\"CONTACTO\">\n\n\n\n\n<input type=\"hidden\" class=\"jet-form-builder__field hidden-field\" name=\"TIPO_TRABAJO\" data-field-name=\"TIPO_TRABAJO\" data-jfb-sync=\"null\" value=\"*****\">\n\n\n\n\n<input type=\"hidden\" class=\"jet-form-builder__field hidden-field\" name=\"RANGO_INGRESOS\" data-field-name=\"RANGO_INGRESOS\" data-jfb-sync=\"null\" value=\"*****\">\n\n\n\n\n<input type=\"hidden\" class=\"jet-form-builder__field hidden-field\" name=\"CEDULA\" data-field-name=\"CEDULA\" data-jfb-sync=\"null\" value=\"0000000000\">\n\n\n\n\n<input type=\"hidden\" class=\"jet-form-builder__field hidden-field\" name=\"CIUDAD\" data-field-name=\"CIUDAD\" data-jfb-sync=\"null\" value=\"*****\">\n\n\n\n\n<input type=\"hidden\" class=\"jet-form-builder__field hidden-field\" name=\"NOMBRE_EMPRESA\" data-field-name=\"NOMBRE_EMPRESA\" data-jfb-sync=\"null\" value=\"*****\">\n\n\n\n\n<input type=\"hidden\" class=\"jet-form-builder__field hidden-field\" name=\"INTERES\" data-field-name=\"INTERES\" data-jfb-sync=\"null\" value=\"*****\">\n\n\n\n\n<div class=\"wp-block-columns is-layout-flex wp-container-core-columns-layout-1 wp-block-columns-is-layout-flex\">\n<div class=\"wp-block-column is-layout-flow wp-block-column-is-layout-flow\"><div  class=\"jet-form-builder-row field-type-text-field\" >\n<div class=\"jet-form-builder__label\">\r\n<div class=\"jet-form-builder__label-text\">Nombre <span class=\"jet-form-builder__required\">*<\/span><\/div><\/div><div class=\"jet-form-builder__field-wrap\">\n\t<input placeholder=\"Miguel\" required=\"required\" name=\"NOMBRE\" id=\"NOMBRE\" type=\"text\" data-field-name=\"NOMBRE\" class=\"jet-form-builder__field text-field\" data-jfb-sync=\"null\">\n<\/div>\n<\/div><\/div>\n\n\n\n<div class=\"wp-block-column is-layout-flow wp-block-column-is-layout-flow\"><div  class=\"jet-form-builder-row field-type-text-field\" >\n<div class=\"jet-form-builder__label\">\r\n<div class=\"jet-form-builder__label-text\">Apellidos <span class=\"jet-form-builder__required\">*<\/span><\/div><\/div><div class=\"jet-form-builder__field-wrap\">\n\t<input placeholder=\"Cano Ramirez\" required=\"required\" name=\"APELLIDO\" id=\"APELLIDO\" type=\"text\" data-field-name=\"APELLIDO\" class=\"jet-form-builder__field text-field\" data-jfb-sync=\"null\">\n<\/div>\n<\/div><\/div>\n<\/div>\n\n\n\n<div class=\"wp-block-columns is-layout-flex wp-container-core-columns-layout-2 wp-block-columns-is-layout-flex\">\n<div class=\"wp-block-column is-layout-flow wp-block-column-is-layout-flow\"><div  class=\"jet-form-builder-row field-type-text-field\" >\n<div class=\"jet-form-builder__label\">\r\n<div class=\"jet-form-builder__label-text\">Correo <span class=\"jet-form-builder__required\">*<\/span><\/div><\/div><div class=\"jet-form-builder__field-wrap\">\n\t<input placeholder=\"miguelcr@correo.com\" required=\"required\" name=\"MAIL\" id=\"MAIL\" type=\"email\" data-field-name=\"MAIL\" class=\"jet-form-builder__field text-field\" data-jfb-sync=\"null\">\n<\/div>\n<\/div><\/div>\n\n\n\n<div class=\"wp-block-column is-layout-flow wp-block-column-is-layout-flow\"><div  class=\"jet-form-builder-row field-type-text-field\" >\n<div class=\"jet-form-builder__label\">\r\n<div class=\"jet-form-builder__label-text\">Celular <span class=\"jet-form-builder__required\">*<\/span><\/div><\/div><div class=\"jet-form-builder__field-wrap\">\n\t<input placeholder=\"456789123\" required=\"required\" name=\"CELULAR\" id=\"CELULAR\" type=\"tel\" data-field-name=\"CELULAR\" class=\"jet-form-builder__field text-field\" data-jfb-sync=\"null\">\n<\/div>\n<\/div><\/div>\n<\/div>\n\n\n\n<div class=\"wp-block-columns is-layout-flex wp-container-core-columns-layout-3 wp-block-columns-is-layout-flex\">\n<div class=\"wp-block-column is-layout-flow wp-block-column-is-layout-flow\"><div  class=\"jet-form-builder-row field-type-textarea-field\" >\n<div class=\"jet-form-builder__label\">\r\n<div class=\"jet-form-builder__label-text\">Mensaje <span class=\"jet-form-builder__required\">*<\/span><\/div><\/div><div class=\"jet-form-builder__field-wrap\">\n\t<textarea class=\"jet-form-builder__field textarea-field\" placeholder=\"Mensaje\" required=\"required\" name=\"MENSAJE\" data-field-name=\"MENSAJE\" id=\"MENSAJE\" data-jfb-sync=\"null\"><\/textarea>\n<\/div>\n<\/div><\/div>\n<\/div>\n\n\n\n<div class=\"wp-block-columns is-layout-flex wp-container-core-columns-layout-4 wp-block-columns-is-layout-flex\">\n<div class=\"wp-block-column is-layout-flow wp-block-column-is-layout-flow\"><input type=\"hidden\" class=\"captcha-token\" name=\"_captcha_token\" value=\"\"\/><div  class=\"jet-form-builder-row field-type-submit-field\" >\n\t<div data-type=\"submit\" class=\"jet-form-builder__action-button-wrapper jet-form-builder__submit-wrap\">\n\t<button class=\"jet-form-builder__action-button jet-form-builder__submit submit-type-reload\" type=\"submit\">Enviar mensaje<\/button>\n\t<\/div>\n\t\n<\/div><\/div>\n<\/div>\n\t<div class=\"jet-form-builder-messages-wrap\" data-form-id=\"4596\"><\/div>\n<\/form>\n\t\t<\/div>\n\t\t\t\t<\/div>\n\t\t\t\t\t<\/div>\n\t\t\t\t<\/div>\n\t\t<div class=\"elementor-element elementor-element-7ecbca8 e-flex e-con-boxed e-con e-parent\" data-id=\"7ecbca8\" data-element_type=\"container\" data-settings=\"{&quot;jet_parallax_layout_list&quot;:[]}\">\n\t\t\t\t\t<div class=\"e-con-inner\">\n\t\t<div class=\"elementor-element elementor-element-2a56456 e-con-full e-flex e-con e-child\" data-id=\"2a56456\" data-element_type=\"container\" data-settings=\"{&quot;jet_parallax_layout_list&quot;:[]}\">\n\t\t<div class=\"elementor-element elementor-element-e49fe26 e-con-full e-flex e-con e-child\" data-id=\"e49fe26\" data-element_type=\"container\" data-settings=\"{&quot;jet_parallax_layout_list&quot;:[],&quot;background_background&quot;:&quot;classic&quot;}\">\n\t\t\t\t<div class=\"elementor-element elementor-element-b00126c elementor-widget-mobile__width-initial elementor-widget elementor-widget-heading\" data-id=\"b00126c\" data-element_type=\"widget\" data-widget_type=\"heading.default\">\n\t\t\t\t<div class=\"elementor-widget-container\">\n\t\t\t<h2 class=\"elementor-heading-title elementor-size-default\">Ciudad de Panam\u00e1 <\/h2>\t\t<\/div>\n\t\t\t\t<\/div>\n\t\t<div class=\"elementor-element elementor-element-4eec170 e-con-full e-flex e-con e-child\" data-id=\"4eec170\" data-element_type=\"container\" data-settings=\"{&quot;jet_parallax_layout_list&quot;:[]}\">\n\t\t\t\t<div class=\"elementor-element elementor-element-0ce024b elementor-view-default elementor-widget elementor-widget-icon\" data-id=\"0ce024b\" data-element_type=\"widget\" data-widget_type=\"icon.default\">\n\t\t\t\t<div class=\"elementor-widget-container\">\n\t\t\t\t\t<div class=\"elementor-icon-wrapper\">\n\t\t\t<div class=\"elementor-icon\">\n\t\t\t<svg aria-hidden=\"true\" class=\"e-font-icon-svg e-fas-map-marker-alt\" viewBox=\"0 0 384 512\" xmlns=\"http:\/\/www.w3.org\/2000\/svg\"><path d=\"M172.268 501.67C26.97 291.031 0 269.413 0 192 0 85.961 85.961 0 192 0s192 85.961 192 192c0 77.413-26.97 99.031-172.268 309.67-9.535 13.774-29.93 13.773-39.464 0zM192 272c44.183 0 80-35.817 80-80s-35.817-80-80-80-80 35.817-80 80 35.817 80 80 80z\"><\/path><\/svg>\t\t\t<\/div>\n\t\t<\/div>\n\t\t\t\t<\/div>\n\t\t\t\t<\/div>\n\t\t\t\t<div class=\"elementor-element elementor-element-debc1f3 elementor-widget-mobile__width-initial elementor-widget elementor-widget-heading\" data-id=\"debc1f3\" data-element_type=\"widget\" data-widget_type=\"heading.default\">\n\t\t\t\t<div class=\"elementor-widget-container\">\n\t\t\t<h2 class=\"elementor-heading-title elementor-size-default\">Calle 50, Edificio Tower Bank, piso 28 G\u00a0<\/h2>\t\t<\/div>\n\t\t\t\t<\/div>\n\t\t\t\t<\/div>\n\t\t<div class=\"elementor-element elementor-element-d2d5d53 e-con-full e-flex e-con e-child\" data-id=\"d2d5d53\" data-element_type=\"container\" data-settings=\"{&quot;jet_parallax_layout_list&quot;:[]}\">\n\t\t\t\t<div class=\"elementor-element elementor-element-d5fccdf elementor-view-default elementor-widget elementor-widget-icon\" data-id=\"d5fccdf\" data-element_type=\"widget\" data-widget_type=\"icon.default\">\n\t\t\t\t<div class=\"elementor-widget-container\">\n\t\t\t\t\t<div class=\"elementor-icon-wrapper\">\n\t\t\t<div class=\"elementor-icon\">\n\t\t\t<svg aria-hidden=\"true\" class=\"e-font-icon-svg e-fas-phone-alt\" viewBox=\"0 0 512 512\" xmlns=\"http:\/\/www.w3.org\/2000\/svg\"><path d=\"M497.39 361.8l-112-48a24 24 0 0 0-28 6.9l-49.6 60.6A370.66 370.66 0 0 1 130.6 204.11l60.6-49.6a23.94 23.94 0 0 0 6.9-28l-48-112A24.16 24.16 0 0 0 122.6.61l-104 24A24 24 0 0 0 0 48c0 256.5 207.9 464 464 464a24 24 0 0 0 23.4-18.6l24-104a24.29 24.29 0 0 0-14.01-27.6z\"><\/path><\/svg>\t\t\t<\/div>\n\t\t<\/div>\n\t\t\t\t<\/div>\n\t\t\t\t<\/div>\n\t\t\t\t<div class=\"elementor-element elementor-element-1d31487 elementor-widget elementor-widget-heading\" data-id=\"1d31487\" data-element_type=\"widget\" data-widget_type=\"heading.default\">\n\t\t\t\t<div class=\"elementor-widget-container\">\n\t\t\t<h2 class=\"elementor-heading-title elementor-size-default\">(+507) 836-5551<\/h2>\t\t<\/div>\n\t\t\t\t<\/div>\n\t\t\t\t<\/div>\n\t\t\t\t<\/div>\n\t\t\t\t<\/div>\n\t\t\t\t\t<\/div>\n\t\t\t\t<\/div>\n\t\t\t\t<\/div>\n\t\t","protected":false},"excerpt":{"rendered":"<p>Contacto D\u00e9janos un mensaje, te contestaremos lo m\u00e1s pronto posible Nombre * Apellidos * Correo * Celular * Mensaje * Enviar mensaje Ciudad de Panam\u00e1 Calle 50, Edificio Tower Bank, piso 28 G\u00a0 (+507) 836-5551<\/p>\n","protected":false},"author":4,"featured_media":0,"parent":0,"menu_order":0,"comment_status":"closed","ping_status":"closed","template":"elementor_header_footer","meta":{"footnotes":""},"yoast_head":"<!-- This site is optimized with the Yoast SEO plugin v22.5 - https:\/\/yoast.com\/wordpress\/plugins\/seo\/ -->\r\n<title>Contacto &#8226; Renting Pichincha<\/title>\r\n<meta name=\"robots\" content=\"index, follow, max-snippet:-1, max-image-preview:large, max-video-preview:-1\" \/>\r\n<link rel=\"canonical\" href=\"https:\/\/rentingpichincha.com.pa\/?page_id=3366\" \/>\r\n<meta property=\"og:locale\" content=\"es_ES\" \/>\r\n<meta property=\"og:type\" content=\"article\" \/>\r\n<meta property=\"og:title\" content=\"Contacto &#8226; Renting Pichincha\" \/>\r\n<meta property=\"og:description\" content=\"Contacto D\u00e9janos un mensaje, te contestaremos lo m\u00e1s pronto posible Nombre * Apellidos * Correo * Celular * Mensaje * Enviar mensaje Ciudad de Panam\u00e1 Calle 50, Edificio Tower Bank, piso 28 G\u00a0 (+507) 836-5551\" \/>\r\n<meta property=\"og:url\" content=\"https:\/\/rentingpichincha.com.pa\/?page_id=3366\" \/>\r\n<meta property=\"og:site_name\" content=\"Renting Pichincha\" \/>\r\n<meta property=\"article:modified_time\" content=\"2024-04-22T12:35:15+00:00\" \/>\r\n<meta property=\"og:image\" content=\"https:\/\/rentingpichincha.com.pa\/wp-content\/uploads\/image-118.png\" \/>\r\n<meta name=\"twitter:card\" content=\"summary_large_image\" \/>\r\n<meta name=\"twitter:label1\" content=\"Tiempo de lectura\" \/>\n\t<meta name=\"twitter:data1\" content=\"1 minuto\" \/>\r\n<script type=\"application\/ld+json\" class=\"yoast-schema-graph\">{\"@context\":\"https:\/\/schema.org\",\"@graph\":[{\"@type\":\"WebPage\",\"@id\":\"https:\/\/rentingpichincha.com.pa\/?page_id=3366\",\"url\":\"https:\/\/rentingpichincha.com.pa\/?page_id=3366\",\"name\":\"Contacto &#8226; Renting Pichincha\",\"isPartOf\":{\"@id\":\"https:\/\/rentingpichincha.com.pa\/#website\"},\"primaryImageOfPage\":{\"@id\":\"https:\/\/rentingpichincha.com.pa\/?page_id=3366#primaryimage\"},\"image\":{\"@id\":\"https:\/\/rentingpichincha.com.pa\/?page_id=3366#primaryimage\"},\"thumbnailUrl\":\"https:\/\/rentingpichincha.com.pa\/wp-content\/uploads\/image-118.png\",\"datePublished\":\"2024-03-28T18:25:40+00:00\",\"dateModified\":\"2024-04-22T12:35:15+00:00\",\"breadcrumb\":{\"@id\":\"https:\/\/rentingpichincha.com.pa\/?page_id=3366#breadcrumb\"},\"inLanguage\":\"es\",\"potentialAction\":[{\"@type\":\"ReadAction\",\"target\":[\"https:\/\/rentingpichincha.com.pa\/?page_id=3366\"]}]},{\"@type\":\"ImageObject\",\"inLanguage\":\"es\",\"@id\":\"https:\/\/rentingpichincha.com.pa\/?page_id=3366#primaryimage\",\"url\":\"https:\/\/rentingpichincha.com.pa\/wp-content\/uploads\/image-118.png\",\"contentUrl\":\"https:\/\/rentingpichincha.com.pa\/wp-content\/uploads\/image-118.png\",\"width\":558,\"height\":337},{\"@type\":\"BreadcrumbList\",\"@id\":\"https:\/\/rentingpichincha.com.pa\/?page_id=3366#breadcrumb\",\"itemListElement\":[{\"@type\":\"ListItem\",\"position\":1,\"name\":\"Portada\",\"item\":\"https:\/\/rentingpichincha.com.pa\/\"},{\"@type\":\"ListItem\",\"position\":2,\"name\":\"Contacto\"}]},{\"@type\":\"WebSite\",\"@id\":\"https:\/\/rentingpichincha.com.pa\/#website\",\"url\":\"https:\/\/rentingpichincha.com.pa\/\",\"name\":\"Renting Pichincha\",\"description\":\"\",\"publisher\":{\"@id\":\"https:\/\/rentingpichincha.com.pa\/#organization\"},\"potentialAction\":[{\"@type\":\"SearchAction\",\"target\":{\"@type\":\"EntryPoint\",\"urlTemplate\":\"https:\/\/rentingpichincha.com.pa\/?s={search_term_string}\"},\"query-input\":\"required name=search_term_string\"}],\"inLanguage\":\"es\"},{\"@type\":\"Organization\",\"@id\":\"https:\/\/rentingpichincha.com.pa\/#organization\",\"name\":\"Bienvenidos\",\"url\":\"https:\/\/rentingpichincha.com.pa\/\",\"logo\":{\"@type\":\"ImageObject\",\"inLanguage\":\"es\",\"@id\":\"https:\/\/rentingpichincha.com.pa\/#\/schema\/logo\/image\/\",\"url\":\"https:\/\/rentingpichincha.com.pa\/wp-content\/uploads\/HEADER.png\",\"contentUrl\":\"https:\/\/rentingpichincha.com.pa\/wp-content\/uploads\/HEADER.png\",\"width\":351,\"height\":150,\"caption\":\"Bienvenidos\"},\"image\":{\"@id\":\"https:\/\/rentingpichincha.com.pa\/#\/schema\/logo\/image\/\"}}]}<\/script>\r\n<!-- \/ Yoast SEO plugin. -->","yoast_head_json":{"title":"Contacto &#8226; Renting Pichincha","robots":{"index":"index","follow":"follow","max-snippet":"max-snippet:-1","max-image-preview":"max-image-preview:large","max-video-preview":"max-video-preview:-1"},"canonical":"https:\/\/rentingpichincha.com.pa\/?page_id=3366","og_locale":"es_ES","og_type":"article","og_title":"Contacto &#8226; Renting Pichincha","og_description":"Contacto D\u00e9janos un mensaje, te contestaremos lo m\u00e1s pronto posible Nombre * Apellidos * Correo * Celular * Mensaje * Enviar mensaje Ciudad de Panam\u00e1 Calle 50, Edificio Tower Bank, piso 28 G\u00a0 (+507) 836-5551","og_url":"https:\/\/rentingpichincha.com.pa\/?page_id=3366","og_site_name":"Renting Pichincha","article_modified_time":"2024-04-22T12:35:15+00:00","og_image":[{"url":"https:\/\/rentingpichincha.com.pa\/wp-content\/uploads\/image-118.png"}],"twitter_card":"summary_large_image","twitter_misc":{"Tiempo de lectura":"1 minuto"},"schema":{"@context":"https:\/\/schema.org","@graph":[{"@type":"WebPage","@id":"https:\/\/rentingpichincha.com.pa\/?page_id=3366","url":"https:\/\/rentingpichincha.com.pa\/?page_id=3366","name":"Contacto &#8226; Renting Pichincha","isPartOf":{"@id":"https:\/\/rentingpichincha.com.pa\/#website"},"primaryImageOfPage":{"@id":"https:\/\/rentingpichincha.com.pa\/?page_id=3366#primaryimage"},"image":{"@id":"https:\/\/rentingpichincha.com.pa\/?page_id=3366#primaryimage"},"thumbnailUrl":"https:\/\/rentingpichincha.com.pa\/wp-content\/uploads\/image-118.png","datePublished":"2024-03-28T18:25:40+00:00","dateModified":"2024-04-22T12:35:15+00:00","breadcrumb":{"@id":"https:\/\/rentingpichincha.com.pa\/?page_id=3366#breadcrumb"},"inLanguage":"es","potentialAction":[{"@type":"ReadAction","target":["https:\/\/rentingpichincha.com.pa\/?page_id=3366"]}]},{"@type":"ImageObject","inLanguage":"es","@id":"https:\/\/rentingpichincha.com.pa\/?page_id=3366#primaryimage","url":"https:\/\/rentingpichincha.com.pa\/wp-content\/uploads\/image-118.png","contentUrl":"https:\/\/rentingpichincha.com.pa\/wp-content\/uploads\/image-118.png","width":558,"height":337},{"@type":"BreadcrumbList","@id":"https:\/\/rentingpichincha.com.pa\/?page_id=3366#breadcrumb","itemListElement":[{"@type":"ListItem","position":1,"name":"Portada","item":"https:\/\/rentingpichincha.com.pa\/"},{"@type":"ListItem","position":2,"name":"Contacto"}]},{"@type":"WebSite","@id":"https:\/\/rentingpichincha.com.pa\/#website","url":"https:\/\/rentingpichincha.com.pa\/","name":"Renting Pichincha","description":"","publisher":{"@id":"https:\/\/rentingpichincha.com.pa\/#organization"},"potentialAction":[{"@type":"SearchAction","target":{"@type":"EntryPoint","urlTemplate":"https:\/\/rentingpichincha.com.pa\/?s={search_term_string}"},"query-input":"required name=search_term_string"}],"inLanguage":"es"},{"@type":"Organization","@id":"https:\/\/rentingpichincha.com.pa\/#organization","name":"Bienvenidos","url":"https:\/\/rentingpichincha.com.pa\/","logo":{"@type":"ImageObject","inLanguage":"es","@id":"https:\/\/rentingpichincha.com.pa\/#\/schema\/logo\/image\/","url":"https:\/\/rentingpichincha.com.pa\/wp-content\/uploads\/HEADER.png","contentUrl":"https:\/\/rentingpichincha.com.pa\/wp-content\/uploads\/HEADER.png","width":351,"height":150,"caption":"Bienvenidos"},"image":{"@id":"https:\/\/rentingpichincha.com.pa\/#\/schema\/logo\/image\/"}}]}},"_links":{"self":[{"href":"https:\/\/rentingpichincha.com.pa\/index.php?rest_route=\/wp\/v2\/pages\/3366"}],"collection":[{"href":"https:\/\/rentingpichincha.com.pa\/index.php?rest_route=\/wp\/v2\/pages"}],"about":[{"href":"https:\/\/rentingpichincha.com.pa\/index.php?rest_route=\/wp\/v2\/types\/page"}],"author":[{"embeddable":true,"href":"https:\/\/rentingpichincha.com.pa\/index.php?rest_route=\/wp\/v2\/users\/4"}],"replies":[{"embeddable":true,"href":"https:\/\/rentingpichincha.com.pa\/index.php?rest_route=%2Fwp%2Fv2%2Fcomments&post=3366"}],"version-history":[{"count":0,"href":"https:\/\/rentingpichincha.com.pa\/index.php?rest_route=\/wp\/v2\/pages\/3366\/revisions"}],"wp:attachment":[{"href":"https:\/\/rentingpichincha.com.pa\/index.php?rest_route=%2Fwp%2Fv2%2Fmedia&parent=3366"}],"curies":[{"name":"wp","href":"https:\/\/api.w.org\/{rel}","templated":true}]}}