{"id":3392,"date":"2024-03-28T14:09:53","date_gmt":"2024-03-28T19:09:53","guid":{"rendered":"https:\/\/rentingpichincha.com.pa\/?page_id=3392"},"modified":"2025-06-26T20:07:38","modified_gmt":"2025-06-27T01:07:38","slug":"politica-de-privacidad-de-datos","status":"publish","type":"page","link":"https:\/\/rentingpichincha.com.pa\/?page_id=3392","title":{"rendered":"Pol\u00edtica de privacidad de datos"},"content":{"rendered":"\t\t<div data-elementor-type=\"wp-page\" data-elementor-id=\"3392\" class=\"elementor elementor-3392\" data-elementor-post-type=\"page\">\n\t\t\t\t<div class=\"elementor-element elementor-element-6bc712a e-flex e-con-boxed e-con e-parent\" data-id=\"6bc712a\" data-element_type=\"container\" data-settings=\"{&quot;jet_parallax_layout_list&quot;:[]}\">\n\t\t\t\t\t<div class=\"e-con-inner\">\n\t\t\t\t<div class=\"elementor-element elementor-element-9e3a671 elementor-widget__width-initial elementor-widget elementor-widget-heading\" data-id=\"9e3a671\" data-element_type=\"widget\" data-widget_type=\"heading.default\">\n\t\t\t\t<div class=\"elementor-widget-container\">\n\t\t\t<style>\/*! elementor - v3.21.0 - 18-04-2024 *\/\n.elementor-heading-title{padding:0;margin:0;line-height:1}.elementor-widget-heading .elementor-heading-title[class*=elementor-size-]>a{color:inherit;font-size:inherit;line-height:inherit}.elementor-widget-heading .elementor-heading-title.elementor-size-small{font-size:15px}.elementor-widget-heading .elementor-heading-title.elementor-size-medium{font-size:19px}.elementor-widget-heading .elementor-heading-title.elementor-size-large{font-size:29px}.elementor-widget-heading .elementor-heading-title.elementor-size-xl{font-size:39px}.elementor-widget-heading .elementor-heading-title.elementor-size-xxl{font-size:59px}<\/style><h2 class=\"elementor-heading-title elementor-size-default\">Pol\u00edtica de privacidad y<\/br> de protecci\u00f3n de datos<\/h2>\t\t<\/div>\n\t\t\t\t<\/div>\n\t\t\t\t<div class=\"elementor-element elementor-element-a6c3d6d elementor-widget elementor-widget-text-editor\" data-id=\"a6c3d6d\" data-element_type=\"widget\" data-widget_type=\"text-editor.default\">\n\t\t\t\t<div class=\"elementor-widget-container\">\n\t\t\t<style>\/*! elementor - v3.21.0 - 18-04-2024 *\/\n.elementor-widget-text-editor.elementor-drop-cap-view-stacked .elementor-drop-cap{background-color:#69727d;color:#fff}.elementor-widget-text-editor.elementor-drop-cap-view-framed .elementor-drop-cap{color:#69727d;border:3px solid;background-color:transparent}.elementor-widget-text-editor:not(.elementor-drop-cap-view-default) .elementor-drop-cap{margin-top:8px}.elementor-widget-text-editor:not(.elementor-drop-cap-view-default) .elementor-drop-cap-letter{width:1em;height:1em}.elementor-widget-text-editor .elementor-drop-cap{float:left;text-align:center;line-height:1;font-size:50px}.elementor-widget-text-editor .elementor-drop-cap-letter{display:inline-block}<\/style>\t\t\t\t<p>El presente documento constituye la POL\u00cdTICA DE PRIVACIDAD Y PROTECCI\u00d3N DE DATOS PERSONALES, en adelante \u201cPol\u00edtica\u201d, TING<\/p><p><strong>1. ANTECEDENTES<\/strong><\/p><p>RENTING PICHINCHA, a la cual en la presente Pol\u00edtica se har\u00e1 referencia como \u201cRENTING PICHINCHA\u201d, es una compa\u00f1\u00eda que se encuentra legalmente constituida en el Ecuador la cual tiene como objeto brindar servicios jur\u00eddicos. RENTING PICHINCHA es responsable del tratamiento legal de los datos que llegase a obtener de los usuarios.<br \/>El usuario al aceptar la presente Pol\u00edtica, reconoce haber le\u00eddo todo el contenido de este documento y estar de acuerdo con las condiciones establecidas<\/p><p><strong>2. OBJETO<\/strong><\/p><p>La presente Pol\u00edtica establece e informa los procedimientos y finalidades utilizados por RENTING PICHINCHA, en el tratamiento que se da a los datos personales de los usuarios.<\/p><p>El usuario reconoce que la presente Pol\u00edtica podr\u00e1 modificarse por RENTING PICHINCHA cada vez que se considere necesario, as\u00ed mismo reconoce que podr\u00e1 acceder a la Pol\u00edtica cada vez que considere necesario<\/p><p><strong>3. DEFINICIONES Y PRINCIPIOS<\/strong><\/p><p>La presente Pol\u00edticas se acoge y se entienden integradas todas las definiciones y principios establecidos en la Ley Org\u00e1nica de Protecci\u00f3n de Datos Personales.<\/p><p><strong>4. RESPONSABLE DEL TRATAMIENTO<\/strong><\/p><p>El responsable de los tratamientos dados a los datos recopilados y recibidos por este medio es RENTING PICHINCHA.<\/p><p><strong>ALCANCE<\/strong><\/p><p>Lo establecido en la presente Pol\u00edtica ser\u00e1 de aplicaci\u00f3n para el tratamiento de los datos personales de todos y cada uno de los usuarios, clientes, posibles clientes y aspirantes a vacantes de RENTING PICHINCHA.<\/p><p><strong>5. LEYES APLICABLES<\/strong><\/p><p>Constituci\u00f3n de la Rep\u00fablica del Ecuador<\/p><p>Ley Org\u00e1nica de Protecci\u00f3n de Datos Personales<\/p><p>Ley de Comercio Electr\u00f3nico Firmas y Mensajes de Datos<\/p><p><strong>6. OBTENCI\u00d3N DE DATOS<\/strong><\/p><p>RENTING obtiene los datos de los usuarios a trav\u00e9s de los mismos cuando proporcionan informaci\u00f3n para las diferentes solicitudes. Dicha informaci\u00f3n puede ser enviada a trav\u00e9s de la plataforma de RENTING PICHINCHA, por correo electr\u00f3nico o, a trav\u00e9s de medios de conocimiento p\u00fablico.<\/p><p><strong>7. CATEGOR\u00cdA DE DATOS UTILIZADOS<\/strong><\/p><p>Los datos que van a ser tratados por RENTING PICHINCHA al momento de que los usuarios proporcionan la informaci\u00f3n son desde datos generales b\u00e1sicos hasta datos especiales (sensibles, de menores de edad, de personas con discapacidad, datos crediticios) dependiendo de la informaci\u00f3n<\/p><p><strong>8. FINALIDADES DE TRATAMIENTO DE USO DE DATOS PERSONALES<\/strong><\/p><p>La finalidad de uso de los datos recolectados ser\u00e1n las siguientes:<\/p><p>\u2013\u00a0\u00a0\u00a0 Ofrecimiento y promoci\u00f3n de bienes, productos y servicios y\/o prospecci\u00f3n comercial<\/p><p>\u2013\u00a0\u00a0\u00a0 Mercadotecnia, publicidad, prospecci\u00f3n comercial, evaluaci\u00f3n de nuestros productos y servicios<\/p><p>\u2013\u00a0\u00a0\u00a0 Para contactarlo en caso de solicitudes, quejas y\/o reclamos.<\/p><p>\u2013\u00a0\u00a0\u00a0 Para contactarlo a trav\u00e9s de cualquier medio para realizar gestiones de venta directa de los productos o servicios ofertados por\u00a0<span style=\"color: var( --e-global-color-text ); font-family: var( --e-global-typography-text-font-family ), Sans-serif; font-weight: var( --e-global-typography-text-font-weight ); text-align: var(--text-align); font-size: 1rem;\">RENTING PICHINCHA.<\/span><\/p><p>\u2013\u00a0\u00a0\u00a0 Para contactarlo para realizar encuestas, estudios y\/o confirmaci\u00f3n de datos personales.<\/p><p>\u2013\u00a0\u00a0\u00a0 Para ser utilizados para an\u00e1lisis estad\u00edsticos internos o para el env\u00edo de noticias relacionadas con mejoras de servicio.<\/p><p>\u2013\u00a0\u00a0\u00a0 Tr\u00e1mites ante autoridades en la Rep\u00fablica del Ecuador, respecto del cual la informaci\u00f3n resulte pertinente.<\/p><p>\u2013\u00a0\u00a0\u00a0 Como elemento de an\u00e1lisis y soporte en el cumplimiento de un deber legal, cualquiera sea su naturaleza.<\/p><p>\u2013\u00a0\u00a0 Efectuar valoraciones crediticias.<\/p><p>\u2013\u00a0\u00a0\u00a0 Para que los datos personales sean verificados, consultados y\/o utilizados por las entidades financieras en la parte que sea necesaria para recibir los pagos que efect\u00fae de los servicios contratados.<\/p><p>\u2013\u00a0\u00a0\u00a0 Reportar y\/o consultar el incumplimiento de las obligaciones contractuales, frente a\u00a0<span style=\"color: var( --e-global-color-text ); font-family: var( --e-global-typography-text-font-family ), Sans-serif; font-weight: var( --e-global-typography-text-font-weight ); text-align: var(--text-align); font-size: 1rem;\">RENTING PICHINCHA<\/span><\/p><p><strong>9. LEGALIDAD PARA EL TRATAMIENTO DE DATOS PERSONALES<\/strong><\/p><p>De acuerdo al art\u00edculo 7 de la Ley Org\u00e1nica de Protecci\u00f3n de Datos Personales, RENTING PICHINCHA trata de manera leg\u00edtima los datos personales al momento de aceptaci\u00f3n de la presente Pol\u00edtica y al momento que los usuarios otorgan sus propios datos personales.<\/p><p>RENTING utilizara para el tratamiento de datos personales solamente a los datos que hayan sido proporcionados por el usuario y a los datos que pudiese obtener por medios p\u00fablicos.<\/p><p><strong>10. TRANSFERENCIA Y COMUNICACI\u00d3N DE DATOS A TERCEROS<\/strong><\/p><p>RENTING no compartir\u00e1 la informaci\u00f3n obtenida con ning\u00fan tercero a excepci\u00f3n de ser solicitado por autoridad competente.<\/p><p>En el caso excepcional que RENTING PICHINCHA llegase a realizar trasferencias, cesiones o comunicaciones a terceros, el usuario ser\u00e1 debidamente informado y en caso de ser necesario se solicitar\u00e1 su consentimiento.<\/p><p><strong>11. TIEMPO DE RETENCI\u00d3N DE DATOS<\/strong><\/p><p>RENTING retendr\u00e1 los datos personales hasta que culmine la finalidad para la cual fueron recolectados. En todo momento el interesado podr\u00e1 solicitar la eliminaci\u00f3n de sus datos en caso de que ya no quiera seguir con sus solicitud o servicio.<\/p><p><strong>12. DERECHOS DEL INTERESADO<\/strong><\/p><p>El titular de los datos personales en todo momento puede ejercer los siguientes derechos: a la informaci\u00f3n, de acceso a sus datos, de rectificaci\u00f3n y actualizaci\u00f3n, a la eliminaci\u00f3n de sus datos, de oposici\u00f3n del tratamiento del cual los datos vayan a ser objeto, de portabilidad, de suspensi\u00f3n del tratamiento, de no ser objeto de decisiones automatizadas y, derecho de consulta.<br \/>El titular podr\u00e1 ejercer cualquiera de los derechos previamente establecidos a trav\u00e9s de los contactos mencionados en el numeral siete (7)<\/p><p><strong>13. CONSULTAS Y RECLAMOS<\/strong><\/p><p>Para el ejercicio de los derechos de los titulares, RENTING PICHINCHA pondr\u00e1 a disposici\u00f3n los siguientes medios de comunicaci\u00f3n:<\/p><p><strong>Nombre: RENTING PICHINCHA<\/strong><\/p><p>Correo electr\u00f3nico: contacto@rentingpichincha.pa<\/p><p>El titular podr\u00e1 ejercer sus derechos cualquier momento, y RENTING PICHINCHA, deber\u00e1 atender la consulta en un t\u00e9rmino m\u00e1ximo de quince (15) d\u00edas h\u00e1biles.<\/p><p>El Titular o su representante deber\u00e1n incluir en su solicitud los siguientes datos: (i) Identificaci\u00f3n del Titular o del representante, acreditando sus calidades. (ii) Descripci\u00f3n de los hechos o solicitud (iii) Direcci\u00f3n de correspondencia f\u00edsica y electr\u00f3nica. (iv) En caso de ser necesario los documentos soporte de la solicitud.<\/p><p>En caso de ser necesario RENTING PICHINCHA requerir\u00e1 al interesado dentro de los tres (3) d\u00edas siguientes a la recepci\u00f3n del reclamo para que aporte documentos adicionales, en los casos en que resulte incompleta la solicitud.<\/p><p>Si dentro de los treinta (30) d\u00edas siguientes a la fecha del requerimiento sin que el solicitante presente la informaci\u00f3n requerida, se entender\u00e1 que el titular ha desistido de la solicitud y se le enviara una constancia de los hechos sucedidos, sin perjuicio de la posibilidad de volver a ejercer sus derechos.<\/p><p><strong>14. MODIFICACIONES A LA POL\u00cdTICA<\/strong><\/p><p><b>RENTING PICHINCHA<\/b>\u00a0se reserva el derecho de efectuar, modificaciones a la presente Pol\u00edtica. De conformidad a los principios contenidos en el Protocolo de Adhesi\u00f3n del Ecuador a la Uni\u00f3n Europea, y al Reglamento a la Ley del Sistema Nacional de Registro de Datos P\u00fablicos cuando se presenten cambios sustanciales, referidos a la identificaci\u00f3n del responsable y a la finalidad del tratamiento, los cuales afecten el contenido de la autorizaci\u00f3n se notificar\u00e1 al titular de los datos para obtener nuevamente su consentimiento.<\/p><p><strong>15. COOKIES\/ TECNOLOG\u00cdAS DE SEGUIMIENTO<\/strong><\/p><p>Los sitios web de RENTING utilizan \u00abcookies\u00bb.\u00a0 El uso de estas ofrece beneficios para usted ya que se utiliza la informaci\u00f3n obtenida de cookies para autocompletar campos en formas tales como el c\u00f3digo de ciudad, estado, informaci\u00f3n personal proporcionada con anterioridad, entre otros. La informaci\u00f3n de autollenado puede ser corregida o modificada antes de presentar cualquier formulario o requerimiento, o en su defecto usted podr\u00e1 decidir desactivar las cookies y la informaci\u00f3n no se recoger\u00e1.<\/p><p>Del mismo modo, tambi\u00e9n podemos colocar mec\u00e1nicas de medici\u00f3n en nuestros correos electr\u00f3nicos para medir la eficacia de nuestras campa\u00f1as de correo electr\u00f3nico mediante la identificaci\u00f3n de los individuos que abren o act\u00faan sobre un mensaje de correo electr\u00f3nico, cuando se abre un mensaje de correo electr\u00f3nico, cu\u00e1ntas veces se env\u00eda un mensaje de correo electr\u00f3nico, el tipo de software, dispositivo, sistema operativo y el navegador utilizado para entregar el correo electr\u00f3nico y cualquier URL visitada a trav\u00e9s de nuestro correo electr\u00f3nico.<\/p><p>Para medir la actividad del sitio y proporcionar una mejor experiencia de usuario, podemos permitir que nuestros proveedores de servicios recopilen informaci\u00f3n de las cookies u otras tecnolog\u00edas de los sitios que puede incluir informaci\u00f3n sobre su visita al sitio web. Tambi\u00e9n podemos permitir que publicidad de terceros y socios de personalizaci\u00f3n utilicen esta informaci\u00f3n para desarrollar contenido personalizado y publicitario apropiado basado en perfiles a trav\u00e9s del tiempo en los sitios web de RENTING PICHINCHA.<\/p><p>Esta informaci\u00f3n tambi\u00e9n puede ser usada para evaluar nuestras campa\u00f1as de publicidad en l\u00ednea o para adaptar las promociones y mensajes de marketing para usted. Por favor, consulte las instrucciones de su navegador para aprender m\u00e1s acerca de las cookies y otras tecnolog\u00edas y la forma de gestionar su uso. Si decide rechazar o eliminar las cookies, tendr\u00e1 que repetir este proceso si utiliza otro equipo, o cambiar los navegadores. Si selecciona rechazar las cookies, algunas de las funcionalidades de un sitio web pueden verse afectadas.<\/p><p><strong>16. SITIOS VINCULADOS<\/strong><\/p><p>Sitios web de RENTING pueden contener enlaces a sitios de terceros no controlados por RENTING PICHINCHA o cubiertos por esta declaraci\u00f3n de privacidad, le recomendamos que consulte la Declaraci\u00f3n de privacidad de los otros sitios que usted visita antes de proporcionar cualquier informaci\u00f3n personal.<\/p><p><strong>17. ACEPTACI\u00d3N<\/strong><\/p><p>De conformidad con la presente pol\u00edtica, el usuario autoriza expresamente a RENTING PICHINCHA a realizar el tratamiento de sus datos personales, de conformidad con lo establecido en la Ley Org\u00e1nica de Protecci\u00f3n de Datos Personales, de tal forma que RENTING PICHINCHA conserve, transfiera y utilice los datos proporcionados para fines comerciales, de an\u00e1lisis crediticio, mejora de servicios, y dem\u00e1s fines constantes en la indicada pol\u00edtica. As\u00ed tambi\u00e9n autoriza a RENTING PICHINCHA a entregar y requerir informaci\u00f3n sobre su comportamiento de pago y operaciones activas que mantuviere en entidades financieras o comerciales, para determinar su capacidad de pago o valorar su riesgo futuro como sujeto de cr\u00e9dito, de conformidad con lo establecido en la Ley de la materia. El consentimiento a que se refiere el presente texto, podr\u00e1 ser revocado a criterio del cliente para lo cual deber\u00e1 notificar a TING por escrito. La revocatoria no tendr\u00e1 en ning\u00fan caso efecto retroactivo.<\/p><p><strong>18. JURISDICCI\u00d3N<\/strong><\/p><p>Tanto RENTING PICHINCHA, como los usuarios que acepten la presente Pol\u00edtica se someten al cumplimiento de las normas legales del Estado Ecuatoriano y, acuerdan que cualquier posible diferencia que surgiere respecto al presente documento ser\u00e1 sometido a mediaci\u00f3n y en caso de que escalare ser\u00e1 sometido a las autoridades y jueces de la ciudad de Quito.<\/p>\t\t\t\t\t\t<\/div>\n\t\t\t\t<\/div>\n\t\t\t\t\t<\/div>\n\t\t\t\t<\/div>\n\t\t\t\t<\/div>\n\t\t","protected":false},"excerpt":{"rendered":"<p>Pol\u00edtica de privacidad y de protecci\u00f3n de datos El presente documento constituye la POL\u00cdTICA DE PRIVACIDAD Y PROTECCI\u00d3N DE DATOS PERSONALES, en adelante \u201cPol\u00edtica\u201d, TING 1. ANTECEDENTES RENTING PICHINCHA, a la cual en la presente Pol\u00edtica se har\u00e1 referencia como \u201cRENTING PICHINCHA\u201d, es una compa\u00f1\u00eda que se encuentra legalmente constituida en el Ecuador la cual [&hellip;]<\/p>\n","protected":false},"author":4,"featured_media":0,"parent":0,"menu_order":0,"comment_status":"closed","ping_status":"closed","template":"elementor_header_footer","meta":{"footnotes":""},"yoast_head":"<!-- This site is optimized with the Yoast SEO plugin v22.5 - https:\/\/yoast.com\/wordpress\/plugins\/seo\/ -->\r\n<title>Pol\u00edtica de privacidad de datos &#8226; Renting Pichincha<\/title>\r\n<meta name=\"robots\" content=\"index, follow, max-snippet:-1, max-image-preview:large, max-video-preview:-1\" \/>\r\n<link rel=\"canonical\" href=\"https:\/\/rentingpichincha.com.pa\/?page_id=3392\" \/>\r\n<meta property=\"og:locale\" content=\"es_ES\" \/>\r\n<meta property=\"og:type\" content=\"article\" \/>\r\n<meta property=\"og:title\" content=\"Pol\u00edtica de privacidad de datos &#8226; Renting Pichincha\" \/>\r\n<meta property=\"og:description\" content=\"Pol\u00edtica de privacidad y de protecci\u00f3n de datos El presente documento constituye la POL\u00cdTICA DE PRIVACIDAD Y PROTECCI\u00d3N DE DATOS PERSONALES, en adelante \u201cPol\u00edtica\u201d, TING 1. ANTECEDENTES RENTING PICHINCHA, a la cual en la presente Pol\u00edtica se har\u00e1 referencia como \u201cRENTING PICHINCHA\u201d, es una compa\u00f1\u00eda que se encuentra legalmente constituida en el Ecuador la cual [&hellip;]\" \/>\r\n<meta property=\"og:url\" content=\"https:\/\/rentingpichincha.com.pa\/?page_id=3392\" \/>\r\n<meta property=\"og:site_name\" content=\"Renting Pichincha\" \/>\r\n<meta property=\"article:modified_time\" content=\"2025-06-27T01:07:38+00:00\" \/>\r\n<meta name=\"twitter:card\" content=\"summary_large_image\" \/>\r\n<meta name=\"twitter:label1\" content=\"Tiempo de lectura\" \/>\n\t<meta name=\"twitter:data1\" content=\"8 minutos\" \/>\r\n<script type=\"application\/ld+json\" class=\"yoast-schema-graph\">{\"@context\":\"https:\/\/schema.org\",\"@graph\":[{\"@type\":\"WebPage\",\"@id\":\"https:\/\/rentingpichincha.com.pa\/?page_id=3392\",\"url\":\"https:\/\/rentingpichincha.com.pa\/?page_id=3392\",\"name\":\"Pol\u00edtica de privacidad de datos &#8226; Renting Pichincha\",\"isPartOf\":{\"@id\":\"https:\/\/rentingpichincha.com.pa\/#website\"},\"datePublished\":\"2024-03-28T19:09:53+00:00\",\"dateModified\":\"2025-06-27T01:07:38+00:00\",\"breadcrumb\":{\"@id\":\"https:\/\/rentingpichincha.com.pa\/?page_id=3392#breadcrumb\"},\"inLanguage\":\"es\",\"potentialAction\":[{\"@type\":\"ReadAction\",\"target\":[\"https:\/\/rentingpichincha.com.pa\/?page_id=3392\"]}]},{\"@type\":\"BreadcrumbList\",\"@id\":\"https:\/\/rentingpichincha.com.pa\/?page_id=3392#breadcrumb\",\"itemListElement\":[{\"@type\":\"ListItem\",\"position\":1,\"name\":\"Portada\",\"item\":\"https:\/\/rentingpichincha.com.pa\/\"},{\"@type\":\"ListItem\",\"position\":2,\"name\":\"Pol\u00edtica de privacidad de datos\"}]},{\"@type\":\"WebSite\",\"@id\":\"https:\/\/rentingpichincha.com.pa\/#website\",\"url\":\"https:\/\/rentingpichincha.com.pa\/\",\"name\":\"Renting Pichincha\",\"description\":\"\",\"publisher\":{\"@id\":\"https:\/\/rentingpichincha.com.pa\/#organization\"},\"potentialAction\":[{\"@type\":\"SearchAction\",\"target\":{\"@type\":\"EntryPoint\",\"urlTemplate\":\"https:\/\/rentingpichincha.com.pa\/?s={search_term_string}\"},\"query-input\":\"required name=search_term_string\"}],\"inLanguage\":\"es\"},{\"@type\":\"Organization\",\"@id\":\"https:\/\/rentingpichincha.com.pa\/#organization\",\"name\":\"Bienvenidos\",\"url\":\"https:\/\/rentingpichincha.com.pa\/\",\"logo\":{\"@type\":\"ImageObject\",\"inLanguage\":\"es\",\"@id\":\"https:\/\/rentingpichincha.com.pa\/#\/schema\/logo\/image\/\",\"url\":\"https:\/\/rentingpichincha.com.pa\/wp-content\/uploads\/HEADER.png\",\"contentUrl\":\"https:\/\/rentingpichincha.com.pa\/wp-content\/uploads\/HEADER.png\",\"width\":351,\"height\":150,\"caption\":\"Bienvenidos\"},\"image\":{\"@id\":\"https:\/\/rentingpichincha.com.pa\/#\/schema\/logo\/image\/\"}}]}<\/script>\r\n<!-- \/ Yoast SEO plugin. -->","yoast_head_json":{"title":"Pol\u00edtica de privacidad de datos &#8226; Renting Pichincha","robots":{"index":"index","follow":"follow","max-snippet":"max-snippet:-1","max-image-preview":"max-image-preview:large","max-video-preview":"max-video-preview:-1"},"canonical":"https:\/\/rentingpichincha.com.pa\/?page_id=3392","og_locale":"es_ES","og_type":"article","og_title":"Pol\u00edtica de privacidad de datos &#8226; Renting Pichincha","og_description":"Pol\u00edtica de privacidad y de protecci\u00f3n de datos El presente documento constituye la POL\u00cdTICA DE PRIVACIDAD Y PROTECCI\u00d3N DE DATOS PERSONALES, en adelante \u201cPol\u00edtica\u201d, TING 1. ANTECEDENTES RENTING PICHINCHA, a la cual en la presente Pol\u00edtica se har\u00e1 referencia como \u201cRENTING PICHINCHA\u201d, es una compa\u00f1\u00eda que se encuentra legalmente constituida en el Ecuador la cual [&hellip;]","og_url":"https:\/\/rentingpichincha.com.pa\/?page_id=3392","og_site_name":"Renting Pichincha","article_modified_time":"2025-06-27T01:07:38+00:00","twitter_card":"summary_large_image","twitter_misc":{"Tiempo de lectura":"8 minutos"},"schema":{"@context":"https:\/\/schema.org","@graph":[{"@type":"WebPage","@id":"https:\/\/rentingpichincha.com.pa\/?page_id=3392","url":"https:\/\/rentingpichincha.com.pa\/?page_id=3392","name":"Pol\u00edtica de privacidad de datos &#8226; Renting Pichincha","isPartOf":{"@id":"https:\/\/rentingpichincha.com.pa\/#website"},"datePublished":"2024-03-28T19:09:53+00:00","dateModified":"2025-06-27T01:07:38+00:00","breadcrumb":{"@id":"https:\/\/rentingpichincha.com.pa\/?page_id=3392#breadcrumb"},"inLanguage":"es","potentialAction":[{"@type":"ReadAction","target":["https:\/\/rentingpichincha.com.pa\/?page_id=3392"]}]},{"@type":"BreadcrumbList","@id":"https:\/\/rentingpichincha.com.pa\/?page_id=3392#breadcrumb","itemListElement":[{"@type":"ListItem","position":1,"name":"Portada","item":"https:\/\/rentingpichincha.com.pa\/"},{"@type":"ListItem","position":2,"name":"Pol\u00edtica de privacidad de datos"}]},{"@type":"WebSite","@id":"https:\/\/rentingpichincha.com.pa\/#website","url":"https:\/\/rentingpichincha.com.pa\/","name":"Renting Pichincha","description":"","publisher":{"@id":"https:\/\/rentingpichincha.com.pa\/#organization"},"potentialAction":[{"@type":"SearchAction","target":{"@type":"EntryPoint","urlTemplate":"https:\/\/rentingpichincha.com.pa\/?s={search_term_string}"},"query-input":"required name=search_term_string"}],"inLanguage":"es"},{"@type":"Organization","@id":"https:\/\/rentingpichincha.com.pa\/#organization","name":"Bienvenidos","url":"https:\/\/rentingpichincha.com.pa\/","logo":{"@type":"ImageObject","inLanguage":"es","@id":"https:\/\/rentingpichincha.com.pa\/#\/schema\/logo\/image\/","url":"https:\/\/rentingpichincha.com.pa\/wp-content\/uploads\/HEADER.png","contentUrl":"https:\/\/rentingpichincha.com.pa\/wp-content\/uploads\/HEADER.png","width":351,"height":150,"caption":"Bienvenidos"},"image":{"@id":"https:\/\/rentingpichincha.com.pa\/#\/schema\/logo\/image\/"}}]}},"_links":{"self":[{"href":"https:\/\/rentingpichincha.com.pa\/index.php?rest_route=\/wp\/v2\/pages\/3392"}],"collection":[{"href":"https:\/\/rentingpichincha.com.pa\/index.php?rest_route=\/wp\/v2\/pages"}],"about":[{"href":"https:\/\/rentingpichincha.com.pa\/index.php?rest_route=\/wp\/v2\/types\/page"}],"author":[{"embeddable":true,"href":"https:\/\/rentingpichincha.com.pa\/index.php?rest_route=\/wp\/v2\/users\/4"}],"replies":[{"embeddable":true,"href":"https:\/\/rentingpichincha.com.pa\/index.php?rest_route=%2Fwp%2Fv2%2Fcomments&post=3392"}],"version-history":[{"count":0,"href":"https:\/\/rentingpichincha.com.pa\/index.php?rest_route=\/wp\/v2\/pages\/3392\/revisions"}],"wp:attachment":[{"href":"https:\/\/rentingpichincha.com.pa\/index.php?rest_route=%2Fwp%2Fv2%2Fmedia&parent=3392"}],"curies":[{"name":"wp","href":"https:\/\/api.w.org\/{rel}","templated":true}]}}