{"id":4118,"date":"2024-03-29T10:45:33","date_gmt":"2024-03-29T15:45:33","guid":{"rendered":"https:\/\/rentingpichincha.com.pa\/?page_id=4118"},"modified":"2025-06-26T20:01:20","modified_gmt":"2025-06-27T01:01:20","slug":"seleccion-vehiculo","status":"publish","type":"page","link":"https:\/\/rentingpichincha.com.pa\/?page_id=4118","title":{"rendered":"Selecci\u00f3n veh\u00edculo"},"content":{"rendered":"\t\t<div data-elementor-type=\"wp-page\" data-elementor-id=\"4118\" class=\"elementor elementor-4118\" data-elementor-post-type=\"page\">\n\t\t\t\t<div class=\"elementor-element elementor-element-46748a5 e-flex e-con-boxed e-con e-parent\" data-id=\"46748a5\" data-element_type=\"container\" data-settings=\"{&quot;jet_parallax_layout_list&quot;:[]}\">\n\t\t\t\t\t<div class=\"e-con-inner\">\n\t\t\t\t<div class=\"elementor-element elementor-element-dbe3589 elementor-widget elementor-widget-heading\" data-id=\"dbe3589\" data-element_type=\"widget\" data-widget_type=\"heading.default\">\n\t\t\t\t<div class=\"elementor-widget-container\">\n\t\t\t<style>\/*! elementor - v3.21.0 - 18-04-2024 *\/\n.elementor-heading-title{padding:0;margin:0;line-height:1}.elementor-widget-heading .elementor-heading-title[class*=elementor-size-]>a{color:inherit;font-size:inherit;line-height:inherit}.elementor-widget-heading .elementor-heading-title.elementor-size-small{font-size:15px}.elementor-widget-heading .elementor-heading-title.elementor-size-medium{font-size:19px}.elementor-widget-heading .elementor-heading-title.elementor-size-large{font-size:29px}.elementor-widget-heading .elementor-heading-title.elementor-size-xl{font-size:39px}.elementor-widget-heading .elementor-heading-title.elementor-size-xxl{font-size:59px}<\/style><h2 class=\"elementor-heading-title elementor-size-default\">Con Renting Pichincha t\u00fa eliges que tipo de veh\u00edculo y marca necesitas<\/h2>\t\t<\/div>\n\t\t\t\t<\/div>\n\t\t\t\t<div class=\"elementor-element elementor-element-9764381 elementor-widget elementor-widget-image\" data-id=\"9764381\" data-element_type=\"widget\" data-widget_type=\"image.default\">\n\t\t\t\t<div class=\"elementor-widget-container\">\n\t\t\t<style>\/*! elementor - v3.21.0 - 18-04-2024 *\/\n.elementor-widget-image{text-align:center}.elementor-widget-image a{display:inline-block}.elementor-widget-image a img[src$=\".svg\"]{width:48px}.elementor-widget-image img{vertical-align:middle;display:inline-block}<\/style>\t\t\t\t\t\t\t\t\t\t<img decoding=\"async\" width=\"543\" height=\"26\" src=\"data:image\/gif;base64,R0lGODlhAQABAIAAAAAAAP\/\/\/yH5BAEAAAAALAAAAAABAAEAAAIBRAA7\" data-src=\"https:\/\/rentingpichincha.com.pa\/wp-content\/uploads\/PASO1.png\" class=\"attachment-large size-large wp-image-4121 lazyload\" alt=\"\" data-srcset=\"https:\/\/rentingpichincha.com.pa\/wp-content\/uploads\/PASO1.png 543w, https:\/\/rentingpichincha.com.pa\/wp-content\/uploads\/PASO1-300x14.png 300w\" sizes=\"(max-width: 543px) 100vw, 543px\" \/><noscript><img decoding=\"async\" width=\"543\" height=\"26\" src=\"https:\/\/rentingpichincha.com.pa\/wp-content\/uploads\/PASO1.png\" class=\"attachment-large size-large wp-image-4121 lazyload\" alt=\"\" srcset=\"https:\/\/rentingpichincha.com.pa\/wp-content\/uploads\/PASO1.png 543w, https:\/\/rentingpichincha.com.pa\/wp-content\/uploads\/PASO1-300x14.png 300w\" sizes=\"(max-width: 543px) 100vw, 543px\" \/><\/noscript>\t\t\t\t\t\t\t\t\t\t\t\t\t<\/div>\n\t\t\t\t<\/div>\n\t\t\t\t\t<\/div>\n\t\t\t\t<\/div>\n\t\t<div class=\"elementor-element elementor-element-1539b55 e-flex e-con-boxed e-con e-parent\" data-id=\"1539b55\" data-element_type=\"container\" data-settings=\"{&quot;jet_parallax_layout_list&quot;:[]}\">\n\t\t\t\t\t<div class=\"e-con-inner\">\n\t\t<div class=\"elementor-element elementor-element-6555000 e-con-full e-flex e-con e-child\" data-id=\"6555000\" data-element_type=\"container\" data-settings=\"{&quot;jet_parallax_layout_list&quot;:[]}\">\n\t\t\t\t<div class=\"elementor-element elementor-element-20b7cd7 elementor-widget elementor-widget-image\" data-id=\"20b7cd7\" data-element_type=\"widget\" data-widget_type=\"image.default\">\n\t\t\t\t<div class=\"elementor-widget-container\">\n\t\t\t\t\t\t\t\t\t\t\t\t\t<img fetchpriority=\"high\" decoding=\"async\" width=\"3136\" height=\"2000\" src=\"data:image\/gif;base64,R0lGODlhAQABAIAAAAAAAP\/\/\/yH5BAEAAAAALAAAAAABAAEAAAIBRAA7\" data-src=\"https:\/\/rentingpichincha.com.pa\/wp-content\/uploads\/Foto-Furgonetas-1.png\" class=\"attachment-full size-full wp-image-4306 lazyload\" alt=\"\" data-srcset=\"https:\/\/rentingpichincha.com.pa\/wp-content\/uploads\/Foto-Furgonetas-1.png 3136w, https:\/\/rentingpichincha.com.pa\/wp-content\/uploads\/Foto-Furgonetas-1-300x191.png 300w, https:\/\/rentingpichincha.com.pa\/wp-content\/uploads\/Foto-Furgonetas-1-1024x653.png 1024w, https:\/\/rentingpichincha.com.pa\/wp-content\/uploads\/Foto-Furgonetas-1-768x490.png 768w, https:\/\/rentingpichincha.com.pa\/wp-content\/uploads\/Foto-Furgonetas-1-1536x980.png 1536w, https:\/\/rentingpichincha.com.pa\/wp-content\/uploads\/Foto-Furgonetas-1-2048x1306.png 2048w\" sizes=\"(max-width: 3136px) 100vw, 3136px\" \/><noscript><img loading=\"lazy\" decoding=\"async\" width=\"3136\" height=\"2000\" src=\"https:\/\/rentingpichincha.com.pa\/wp-content\/uploads\/Foto-Furgonetas-1.png\" class=\"attachment-full size-full wp-image-4306 lazyload\" alt=\"\" srcset=\"https:\/\/rentingpichincha.com.pa\/wp-content\/uploads\/Foto-Furgonetas-1.png 3136w, https:\/\/rentingpichincha.com.pa\/wp-content\/uploads\/Foto-Furgonetas-1-300x191.png 300w, https:\/\/rentingpichincha.com.pa\/wp-content\/uploads\/Foto-Furgonetas-1-1024x653.png 1024w, https:\/\/rentingpichincha.com.pa\/wp-content\/uploads\/Foto-Furgonetas-1-768x490.png 768w, https:\/\/rentingpichincha.com.pa\/wp-content\/uploads\/Foto-Furgonetas-1-1536x980.png 1536w, https:\/\/rentingpichincha.com.pa\/wp-content\/uploads\/Foto-Furgonetas-1-2048x1306.png 2048w\" sizes=\"(max-width: 3136px) 100vw, 3136px\" \/><\/noscript>\t\t\t\t\t\t\t\t\t\t\t\t\t<\/div>\n\t\t\t\t<\/div>\n\t\t\t\t<\/div>\n\t\t<div class=\"elementor-element elementor-element-e05800e e-con-full e-flex e-con e-child\" data-id=\"e05800e\" data-element_type=\"container\" data-settings=\"{&quot;jet_parallax_layout_list&quot;:[]}\">\n\t\t<div class=\"elementor-element elementor-element-643357a e-flex e-con-boxed e-con e-child\" data-id=\"643357a\" data-element_type=\"container\" data-settings=\"{&quot;jet_parallax_layout_list&quot;:[]}\">\n\t\t\t\t\t<div class=\"e-con-inner\">\n\t\t\t\t<div class=\"elementor-element elementor-element-1c931f6 elementor-widget__width-auto elementor-widget-mobile__width-inherit elementor-widget elementor-widget-text-editor\" data-id=\"1c931f6\" data-element_type=\"widget\" data-widget_type=\"text-editor.default\">\n\t\t\t\t<div class=\"elementor-widget-container\">\n\t\t\t<style>\/*! elementor - v3.21.0 - 18-04-2024 *\/\n.elementor-widget-text-editor.elementor-drop-cap-view-stacked .elementor-drop-cap{background-color:#69727d;color:#fff}.elementor-widget-text-editor.elementor-drop-cap-view-framed .elementor-drop-cap{color:#69727d;border:3px solid;background-color:transparent}.elementor-widget-text-editor:not(.elementor-drop-cap-view-default) .elementor-drop-cap{margin-top:8px}.elementor-widget-text-editor:not(.elementor-drop-cap-view-default) .elementor-drop-cap-letter{width:1em;height:1em}.elementor-widget-text-editor .elementor-drop-cap{float:left;text-align:center;line-height:1;font-size:50px}.elementor-widget-text-editor .elementor-drop-cap-letter{display:inline-block}<\/style>\t\t\t\t<p><strong>Puedes seleccionar una o m\u00e1s categor\u00edas:<\/strong><\/p>\t\t\t\t\t\t<\/div>\n\t\t\t\t<\/div>\n\t\t\t\t<div class=\"elementor-element elementor-element-c150290 elementor-hidden-mobile elementor-widget elementor-widget-image\" data-id=\"c150290\" data-element_type=\"widget\" data-widget_type=\"image.default\">\n\t\t\t\t<div class=\"elementor-widget-container\">\n\t\t\t\t\t\t\t\t\t\t\t\t\t<img loading=\"lazy\" decoding=\"async\" width=\"170\" height=\"24\" src=\"data:image\/gif;base64,R0lGODlhAQABAIAAAAAAAP\/\/\/yH5BAEAAAAALAAAAAABAAEAAAIBRAA7\" data-src=\"https:\/\/rentingpichincha.com.pa\/wp-content\/uploads\/seleccionar.png\" class=\"attachment-full size-full wp-image-4143 lazyload\" alt=\"\" \/><noscript><img loading=\"lazy\" decoding=\"async\" width=\"170\" height=\"24\" src=\"https:\/\/rentingpichincha.com.pa\/wp-content\/uploads\/seleccionar.png\" class=\"attachment-full size-full wp-image-4143 lazyload\" alt=\"\" \/><\/noscript>\t\t\t\t\t\t\t\t\t\t\t\t\t<\/div>\n\t\t\t\t<\/div>\n\t\t\t\t\t<\/div>\n\t\t\t\t<\/div>\n\t\t\t\t<div class=\"elementor-element elementor-element-709a6e6 elementor-widget elementor-widget-jet-form-builder-form\" data-id=\"709a6e6\" data-element_type=\"widget\" id=\"form-cat\" data-widget_type=\"jet-form-builder-form.default\">\n\t\t\t\t<div class=\"elementor-widget-container\">\n\t\t\t<link rel='stylesheet' id='wp-block-library-css' href='https:\/\/rentingpichincha.com.pa\/wp-includes\/css\/dist\/block-library\/style.min.css?ver=6.4.8' media='all' \/>\n<style id=\"jet-form-builder-4134-inline-css\"><\/style><form  class=\"jet-form-builder layout-column submit-type-reload\" action=\"https:\/\/rentingpichincha.com.pa\/?jet_form_builder_submit=submit&amp;method=reload\" method=\"POST\" data-form-id=\"4134\" data-layout=\"column\" enctype=\"multipart\/form-data\" novalidate=\"null\"><input type=\"hidden\" id=\"_wpnonce\" name=\"_wpnonce\" value=\"0d81b42be4\" \/><input type=\"hidden\" name=\"_wp_http_referer\" value=\"\/index.php?rest_route=%2Fwp%2Fv2%2Fpages%2F4118\" \/>\r\n<input type=\"hidden\" name=\"_jfb_current_render_states[]\" value=\"DEFAULT.STATE\" data-jfb-sync \/><input type=\"hidden\" class=\"jet-form-builder__field hidden-field\" name=\"_jet_engine_booking_form_id\" data-field-name=\"_jet_engine_booking_form_id\" value=\"4134\">\n<input type=\"hidden\" class=\"jet-form-builder__field hidden-field\" name=\"_jet_engine_refer\" data-field-name=\"_jet_engine_refer\" value=\"https:\/\/rentingpichincha.com.pa\/?rest_route=%2Fwp%2Fv2%2Fpages%2F4118\">\n<input type=\"hidden\" class=\"jet-form-builder__field hidden-field\" name=\"__queried_post_id\" data-field-name=\"__queried_post_id\" value=\"4118\">\n<div  class=\"jet-form-builder-row field-type-checkbox-field\" >\n<div class=\"jet-form-builder__fields-group checkradio-wrap\" data-jfb-sync><div class=\"jet-form-builder__field-wrap checkboxes-wrap checkradio-wrap\"><label class=\"jet-form-builder__field-label for-checkbox\">\n<input type=\"checkbox\" name=\"categoria[]\" value=\"Veh\u00edculos para tus procesos y personal operativo\" data-field-name=\"categoria\"  class=\"jet-form-builder__field checkboxes-field checkradio-field check-cat\"><span>Veh\u00edculos para tus procesos y personal operativo<\/span><\/label><\/div><div class=\"jet-form-builder__field-wrap checkboxes-wrap checkradio-wrap\"><label class=\"jet-form-builder__field-label for-checkbox\">\n<input type=\"checkbox\" name=\"categoria[]\" value=\"Veh\u00edculos para ejecutivos\" data-field-name=\"categoria\"  class=\"jet-form-builder__field checkboxes-field checkradio-field check-cat\"><span>Veh\u00edculos para ejecutivos<\/span><\/label><\/div><div class=\"jet-form-builder__field-wrap checkboxes-wrap checkradio-wrap\"><label class=\"jet-form-builder__field-label for-checkbox\">\n<input type=\"checkbox\" name=\"categoria[]\" value=\"Veh\u00edculos para gerentes\" data-field-name=\"categoria\"  class=\"jet-form-builder__field checkboxes-field checkradio-field check-cat\"><span>Veh\u00edculos para gerentes<\/span><\/label><\/div><div class=\"jet-form-builder__field-wrap checkboxes-wrap checkradio-wrap\"><label class=\"jet-form-builder__field-label for-checkbox\">\n<input type=\"checkbox\" name=\"categoria[]\" value=\"Veh\u00edculos para distribuci\u00f3n de tus productos\" data-field-name=\"categoria\"  class=\"jet-form-builder__field checkboxes-field checkradio-field check-cat\"><span>Veh\u00edculos para distribuci\u00f3n de tus productos<\/span><\/label><\/div><div class=\"jet-form-builder__field-wrap checkboxes-wrap checkradio-wrap\"><label class=\"jet-form-builder__field-label for-checkbox\">\n<input type=\"checkbox\" name=\"categoria[]\" value=\"Maquinaria\" data-field-name=\"categoria\"  class=\"jet-form-builder__field checkboxes-field checkradio-field check-cat\"><span>Maquinaria<\/span><\/label><\/div><div class=\"jet-form-builder__field-wrap checkboxes-wrap checkradio-wrap\"><label class=\"jet-form-builder__field-label for-checkbox\">\n<input type=\"checkbox\" name=\"categoria[]\" value=\"Otros\" data-field-name=\"categoria\"  class=\"jet-form-builder__field checkboxes-field checkradio-field check-cat\"><span>Otros<\/span><\/label><\/div><\/div>\n<\/div>\n\n<input type=\"hidden\" class=\"captcha-token\" name=\"_captcha_token\" value=\"\"\/><div  class=\"jet-form-builder-row field-type-submit-field\" >\n\t<div data-type=\"submit\" class=\"jet-form-builder__action-button-wrapper jet-form-builder__submit-wrap\">\n\t<button class=\"jet-form-builder__action-button jet-form-builder__submit submit-type-reload\" type=\"submit\">Siguiente<\/button>\n\t<\/div>\n\t\n<\/div>\t<div class=\"jet-form-builder-messages-wrap\" data-form-id=\"4134\"><\/div>\n<\/form>\n\t\t<\/div>\n\t\t\t\t<\/div>\n\t\t\t\t<div class=\"elementor-element elementor-element-21b4d22 elementor-widget elementor-widget-html\" data-id=\"21b4d22\" data-element_type=\"widget\" data-widget_type=\"html.default\">\n\t\t\t\t<div class=\"elementor-widget-container\">\n\t\t\t<script>\r\n    \/\/ Funci\u00f3n para manejar el cambio en las casillas de verificaci\u00f3n\r\n    function actualizarCookie() {\r\n        \/\/ Obtener todas las casillas de verificaci\u00f3n con la clase \"check-cat\"\r\n        var categoriaCheckboxes = document.querySelectorAll('.check-cat');\r\n        var categoriaValues = [];\r\n\r\n        \/\/ Iterar sobre cada casilla de verificaci\u00f3n\r\n        categoriaCheckboxes.forEach(function(checkbox) {\r\n            if (checkbox.checked) {\r\n                categoriaValues.push(checkbox.value); \/\/ A\u00f1adir el valor de la casilla de verificaci\u00f3n seleccionada\r\n            }\r\n        });\r\n\r\n        \/\/ Almacenar la cookie con los valores seleccionados\r\n        document.cookie = \"categoria=\" + JSON.stringify(categoriaValues) + \"; path=\/; samesite=lax; secure\";\r\n    }\r\n\r\n    \/\/ A\u00f1adir un listener de evento de cambio a cada casilla de verificaci\u00f3n\r\n    var categoriaCheckboxes = document.querySelectorAll('.check-cat');\r\n    categoriaCheckboxes.forEach(function(checkbox) {\r\n        checkbox.addEventListener('change', actualizarCookie);\r\n    });\r\n<\/script>\r\n\t\t<\/div>\n\t\t\t\t<\/div>\n\t\t\t\t<\/div>\n\t\t\t\t\t<\/div>\n\t\t\t\t<\/div>\n\t\t\t\t<\/div>\n\t\t","protected":false},"excerpt":{"rendered":"<p>Con Renting Pichincha t\u00fa eliges que tipo de veh\u00edculo y marca necesitas Puedes seleccionar una o m\u00e1s categor\u00edas: Veh\u00edculos para tus procesos y personal operativo Veh\u00edculos para ejecutivos Veh\u00edculos para gerentes Veh\u00edculos para distribuci\u00f3n de tus productos Maquinaria Otros Siguiente<\/p>\n","protected":false},"author":5,"featured_media":0,"parent":0,"menu_order":0,"comment_status":"closed","ping_status":"closed","template":"elementor_header_footer","meta":{"footnotes":""},"yoast_head":"<!-- This site is optimized with the Yoast SEO plugin v22.5 - https:\/\/yoast.com\/wordpress\/plugins\/seo\/ -->\r\n<title>Selecci\u00f3n veh\u00edculo &#8226; Renting Pichincha<\/title>\r\n<meta name=\"robots\" content=\"index, follow, max-snippet:-1, max-image-preview:large, max-video-preview:-1\" \/>\r\n<link rel=\"canonical\" href=\"https:\/\/rentingpichincha.com.pa\/?page_id=4118\" \/>\r\n<meta property=\"og:locale\" content=\"es_ES\" \/>\r\n<meta property=\"og:type\" content=\"article\" \/>\r\n<meta property=\"og:title\" content=\"Selecci\u00f3n veh\u00edculo &#8226; Renting Pichincha\" \/>\r\n<meta property=\"og:description\" content=\"Con Renting Pichincha t\u00fa eliges que tipo de veh\u00edculo y marca necesitas Puedes seleccionar una o m\u00e1s categor\u00edas: Veh\u00edculos para tus procesos y personal operativo Veh\u00edculos para ejecutivos Veh\u00edculos para gerentes Veh\u00edculos para distribuci\u00f3n de tus productos Maquinaria Otros Siguiente\" \/>\r\n<meta property=\"og:url\" content=\"https:\/\/rentingpichincha.com.pa\/?page_id=4118\" \/>\r\n<meta property=\"og:site_name\" content=\"Renting Pichincha\" \/>\r\n<meta property=\"article:modified_time\" content=\"2025-06-27T01:01:20+00:00\" \/>\r\n<meta property=\"og:image\" content=\"https:\/\/rentingpichincha.com.pa\/wp-content\/uploads\/PASO1.png\" \/>\r\n<meta name=\"twitter:card\" content=\"summary_large_image\" \/>\r\n<meta name=\"twitter:label1\" content=\"Tiempo de lectura\" \/>\n\t<meta name=\"twitter:data1\" content=\"1 minuto\" \/>\r\n<script type=\"application\/ld+json\" class=\"yoast-schema-graph\">{\"@context\":\"https:\/\/schema.org\",\"@graph\":[{\"@type\":\"WebPage\",\"@id\":\"https:\/\/rentingpichincha.com.pa\/?page_id=4118\",\"url\":\"https:\/\/rentingpichincha.com.pa\/?page_id=4118\",\"name\":\"Selecci\u00f3n veh\u00edculo &#8226; Renting Pichincha\",\"isPartOf\":{\"@id\":\"https:\/\/rentingpichincha.com.pa\/#website\"},\"primaryImageOfPage\":{\"@id\":\"https:\/\/rentingpichincha.com.pa\/?page_id=4118#primaryimage\"},\"image\":{\"@id\":\"https:\/\/rentingpichincha.com.pa\/?page_id=4118#primaryimage\"},\"thumbnailUrl\":\"https:\/\/rentingpichincha.com.pa\/wp-content\/uploads\/PASO1.png\",\"datePublished\":\"2024-03-29T15:45:33+00:00\",\"dateModified\":\"2025-06-27T01:01:20+00:00\",\"breadcrumb\":{\"@id\":\"https:\/\/rentingpichincha.com.pa\/?page_id=4118#breadcrumb\"},\"inLanguage\":\"es\",\"potentialAction\":[{\"@type\":\"ReadAction\",\"target\":[\"https:\/\/rentingpichincha.com.pa\/?page_id=4118\"]}]},{\"@type\":\"ImageObject\",\"inLanguage\":\"es\",\"@id\":\"https:\/\/rentingpichincha.com.pa\/?page_id=4118#primaryimage\",\"url\":\"https:\/\/rentingpichincha.com.pa\/wp-content\/uploads\/PASO1.png\",\"contentUrl\":\"https:\/\/rentingpichincha.com.pa\/wp-content\/uploads\/PASO1.png\",\"width\":543,\"height\":26},{\"@type\":\"BreadcrumbList\",\"@id\":\"https:\/\/rentingpichincha.com.pa\/?page_id=4118#breadcrumb\",\"itemListElement\":[{\"@type\":\"ListItem\",\"position\":1,\"name\":\"Portada\",\"item\":\"https:\/\/rentingpichincha.com.pa\/\"},{\"@type\":\"ListItem\",\"position\":2,\"name\":\"Selecci\u00f3n veh\u00edculo\"}]},{\"@type\":\"WebSite\",\"@id\":\"https:\/\/rentingpichincha.com.pa\/#website\",\"url\":\"https:\/\/rentingpichincha.com.pa\/\",\"name\":\"Renting Pichincha\",\"description\":\"\",\"publisher\":{\"@id\":\"https:\/\/rentingpichincha.com.pa\/#organization\"},\"potentialAction\":[{\"@type\":\"SearchAction\",\"target\":{\"@type\":\"EntryPoint\",\"urlTemplate\":\"https:\/\/rentingpichincha.com.pa\/?s={search_term_string}\"},\"query-input\":\"required name=search_term_string\"}],\"inLanguage\":\"es\"},{\"@type\":\"Organization\",\"@id\":\"https:\/\/rentingpichincha.com.pa\/#organization\",\"name\":\"Bienvenidos\",\"url\":\"https:\/\/rentingpichincha.com.pa\/\",\"logo\":{\"@type\":\"ImageObject\",\"inLanguage\":\"es\",\"@id\":\"https:\/\/rentingpichincha.com.pa\/#\/schema\/logo\/image\/\",\"url\":\"https:\/\/rentingpichincha.com.pa\/wp-content\/uploads\/HEADER.png\",\"contentUrl\":\"https:\/\/rentingpichincha.com.pa\/wp-content\/uploads\/HEADER.png\",\"width\":351,\"height\":150,\"caption\":\"Bienvenidos\"},\"image\":{\"@id\":\"https:\/\/rentingpichincha.com.pa\/#\/schema\/logo\/image\/\"}}]}<\/script>\r\n<!-- \/ Yoast SEO plugin. -->","yoast_head_json":{"title":"Selecci\u00f3n veh\u00edculo &#8226; Renting Pichincha","robots":{"index":"index","follow":"follow","max-snippet":"max-snippet:-1","max-image-preview":"max-image-preview:large","max-video-preview":"max-video-preview:-1"},"canonical":"https:\/\/rentingpichincha.com.pa\/?page_id=4118","og_locale":"es_ES","og_type":"article","og_title":"Selecci\u00f3n veh\u00edculo &#8226; Renting Pichincha","og_description":"Con Renting Pichincha t\u00fa eliges que tipo de veh\u00edculo y marca necesitas Puedes seleccionar una o m\u00e1s categor\u00edas: Veh\u00edculos para tus procesos y personal operativo Veh\u00edculos para ejecutivos Veh\u00edculos para gerentes Veh\u00edculos para distribuci\u00f3n de tus productos Maquinaria Otros Siguiente","og_url":"https:\/\/rentingpichincha.com.pa\/?page_id=4118","og_site_name":"Renting Pichincha","article_modified_time":"2025-06-27T01:01:20+00:00","og_image":[{"url":"https:\/\/rentingpichincha.com.pa\/wp-content\/uploads\/PASO1.png"}],"twitter_card":"summary_large_image","twitter_misc":{"Tiempo de lectura":"1 minuto"},"schema":{"@context":"https:\/\/schema.org","@graph":[{"@type":"WebPage","@id":"https:\/\/rentingpichincha.com.pa\/?page_id=4118","url":"https:\/\/rentingpichincha.com.pa\/?page_id=4118","name":"Selecci\u00f3n veh\u00edculo &#8226; Renting Pichincha","isPartOf":{"@id":"https:\/\/rentingpichincha.com.pa\/#website"},"primaryImageOfPage":{"@id":"https:\/\/rentingpichincha.com.pa\/?page_id=4118#primaryimage"},"image":{"@id":"https:\/\/rentingpichincha.com.pa\/?page_id=4118#primaryimage"},"thumbnailUrl":"https:\/\/rentingpichincha.com.pa\/wp-content\/uploads\/PASO1.png","datePublished":"2024-03-29T15:45:33+00:00","dateModified":"2025-06-27T01:01:20+00:00","breadcrumb":{"@id":"https:\/\/rentingpichincha.com.pa\/?page_id=4118#breadcrumb"},"inLanguage":"es","potentialAction":[{"@type":"ReadAction","target":["https:\/\/rentingpichincha.com.pa\/?page_id=4118"]}]},{"@type":"ImageObject","inLanguage":"es","@id":"https:\/\/rentingpichincha.com.pa\/?page_id=4118#primaryimage","url":"https:\/\/rentingpichincha.com.pa\/wp-content\/uploads\/PASO1.png","contentUrl":"https:\/\/rentingpichincha.com.pa\/wp-content\/uploads\/PASO1.png","width":543,"height":26},{"@type":"BreadcrumbList","@id":"https:\/\/rentingpichincha.com.pa\/?page_id=4118#breadcrumb","itemListElement":[{"@type":"ListItem","position":1,"name":"Portada","item":"https:\/\/rentingpichincha.com.pa\/"},{"@type":"ListItem","position":2,"name":"Selecci\u00f3n veh\u00edculo"}]},{"@type":"WebSite","@id":"https:\/\/rentingpichincha.com.pa\/#website","url":"https:\/\/rentingpichincha.com.pa\/","name":"Renting Pichincha","description":"","publisher":{"@id":"https:\/\/rentingpichincha.com.pa\/#organization"},"potentialAction":[{"@type":"SearchAction","target":{"@type":"EntryPoint","urlTemplate":"https:\/\/rentingpichincha.com.pa\/?s={search_term_string}"},"query-input":"required name=search_term_string"}],"inLanguage":"es"},{"@type":"Organization","@id":"https:\/\/rentingpichincha.com.pa\/#organization","name":"Bienvenidos","url":"https:\/\/rentingpichincha.com.pa\/","logo":{"@type":"ImageObject","inLanguage":"es","@id":"https:\/\/rentingpichincha.com.pa\/#\/schema\/logo\/image\/","url":"https:\/\/rentingpichincha.com.pa\/wp-content\/uploads\/HEADER.png","contentUrl":"https:\/\/rentingpichincha.com.pa\/wp-content\/uploads\/HEADER.png","width":351,"height":150,"caption":"Bienvenidos"},"image":{"@id":"https:\/\/rentingpichincha.com.pa\/#\/schema\/logo\/image\/"}}]}},"_links":{"self":[{"href":"https:\/\/rentingpichincha.com.pa\/index.php?rest_route=\/wp\/v2\/pages\/4118"}],"collection":[{"href":"https:\/\/rentingpichincha.com.pa\/index.php?rest_route=\/wp\/v2\/pages"}],"about":[{"href":"https:\/\/rentingpichincha.com.pa\/index.php?rest_route=\/wp\/v2\/types\/page"}],"author":[{"embeddable":true,"href":"https:\/\/rentingpichincha.com.pa\/index.php?rest_route=\/wp\/v2\/users\/5"}],"replies":[{"embeddable":true,"href":"https:\/\/rentingpichincha.com.pa\/index.php?rest_route=%2Fwp%2Fv2%2Fcomments&post=4118"}],"version-history":[{"count":0,"href":"https:\/\/rentingpichincha.com.pa\/index.php?rest_route=\/wp\/v2\/pages\/4118\/revisions"}],"wp:attachment":[{"href":"https:\/\/rentingpichincha.com.pa\/index.php?rest_route=%2Fwp%2Fv2%2Fmedia&parent=4118"}],"curies":[{"name":"wp","href":"https:\/\/api.w.org\/{rel}","templated":true}]}}